{"id":39,"date":"2014-12-17T22:05:44","date_gmt":"2014-12-17T22:05:44","guid":{"rendered":"http:\/\/www.kslinguistics.ca\/?page_id=39"},"modified":"2020-05-13T00:07:07","modified_gmt":"2020-05-13T04:07:07","slug":"sample-page","status":"publish","type":"page","link":"https:\/\/www.kslinguistics.ca\/fr\/","title":{"rendered":"Accueil"},"content":{"rendered":"<p>[et_pb_section fb_built=&#8221;1&#8243; module_id=&#8221;home-slider&#8221; _builder_version=&#8221;3.22&#8243; background_color=&#8221;rgba(255,255,255,0)&#8221; transparent_background=&#8221;on&#8221;][et_pb_row _builder_version=&#8221;4.4.2&#8243; custom_padding=&#8221;||0px|||&#8221; disabled_on=&#8221;on|on|on&#8221; disabled=&#8221;on&#8221;][et_pb_column type=&#8221;4_4&#8243; _builder_version=&#8221;4.4.2&#8243;][et_pb_text _builder_version=&#8221;4.4.2&#8243; text_text_color=&#8221;#2c7ec1&#8243;]<\/p>\n<p>Veuillez noter que nous ne subissons actuellement aucune interruption de service. En raison de l\u2019\u00e9pid\u00e9mie de COVID-19, nous travaillons avec diligence pour nous assurer que toutes les mesures de sant\u00e9 et de s\u00e9curit\u00e9 sont respect\u00e9es. Pour plus d\u2019informations sur nos proc\u00e9dures et interruptions de service, contactez-nous.<\/p>\n<p>[\/et_pb_text][et_pb_text ul_type=&#8221;none&#8221; ul_item_indent=&#8221;0.01em&#8221; _builder_version=&#8221;4.4.2&#8243; ul_font_size=&#8221;13px&#8221; background_color=&#8221;#c41919&#8243; background_layout=&#8221;dark&#8221; custom_padding=&#8221;22px|22px|9px|22px|false|true&#8221;]<\/p>\n<p><strong>DEMANDES URGENTES*<br \/> <\/strong>Vous avez besoin de traduire un message urgent pour votre personnel, partenaires ou parties prenantes\u00a0? Jusqu&#8217;au 30 avril 2020, d\u00e9lai de 24 heures sur toutes les demandes de moins de 300 mots.<\/p>\n<ul>\n<li>*Limite d&#8217;une demande par client et par jour.<\/li>\n<\/ul>\n<p>[\/et_pb_text][\/et_pb_column][\/et_pb_row][et_pb_row _builder_version=&#8221;3.25&#8243; background_size=&#8221;initial&#8221; background_position=&#8221;top_left&#8221; background_repeat=&#8221;repeat&#8221; custom_padding=&#8221;0px|||||&#8221;][et_pb_column type=&#8221;4_4&#8243; _builder_version=&#8221;3.25&#8243; custom_padding=&#8221;|||&#8221; custom_padding__hover=&#8221;|||&#8221;][et_pb_text admin_label=&#8221;Text&#8221; _builder_version=&#8221;3.27.4&#8243; background_size=&#8221;initial&#8221; background_position=&#8221;top_left&#8221; background_repeat=&#8221;repeat&#8221; background_layout=&#8221;dark&#8221;]<script type=\"text\/javascript\">jQuery(function() { _initLayerSlider( '#layerslider_3_z0cxbmziq27y', {sliderVersion: '', responsiveUnder: 0, layersContainer: 0, pauseOnHover: 'on', skin: 'v5', thumbnailNavigation: 'disabled', useSrcset: true, skinsPath: 'https:\/\/www.kslinguistics.ca\/wp-content\/plugins\/LayerSlider\/assets\/static\/layerslider\/skins\/', type: 'responsive', showCircleTimer: false, performanceMode: true}); });<\/script><link href=\"https:\/\/fonts.googleapis.com\/css?family=Roboto+Condensed:100,100i,200,200i,300,300i,400,400i,500,500i,600,600i,700,700i,800,800i,900,900i%7CRaleway:100,100i,200,200i,300,300i,400,400i,500,500i,600,600i,700,700i,800,800i,900,900i\" rel=\"stylesheet\"><div id=\"layerslider_3_z0cxbmziq27y\"  class=\"ls-wp-container fitvidsignore ls-selectable\" style=\"width:980px;height:392px;margin:0 auto;margin-bottom: 0px;\"><div class=\"ls-slide\" data-ls=\"duration:4000;transition2d:90;\"><img loading=\"lazy\" decoding=\"async\" width=\"980\" height=\"392\" src=\"https:\/\/www.kslinguistics.ca\/wp-content\/uploads\/2015\/01\/tfile_pic_big1.png\" class=\"ls-bg\" alt=\"\" srcset=\"https:\/\/www.kslinguistics.ca\/wp-content\/uploads\/2015\/01\/tfile_pic_big1.png 980w, https:\/\/www.kslinguistics.ca\/wp-content\/uploads\/2015\/01\/tfile_pic_big1-300x120.png 300w\" sizes=\"(max-width: 980px) 100vw, 980px\" \/><p style=\"font-weight:900;font-family:Raleway;font-size:44px;color:#FFFFFF;top:178px;left:253px;\" class=\"ls-l ls-text-layer\" data-ls=\"delayin:800;durationout:400;parallaxlevel:0;\">JUSTES<\/p><p style='font-weight:400;font-family:\"Roboto Condensed\";font-size:44px;color:#FFFFFF;top:137px;left:45px;' class=\"ls-l ls-text-layer\" data-ls=\"delayin:200;durationout:400;parallaxlevel:0;\">DES TRADUCTIONS<\/p><\/div><div class=\"ls-slide\" data-ls=\"duration:4000;transition2d:90;\"><img loading=\"lazy\" decoding=\"async\" width=\"980\" height=\"392\" src=\"https:\/\/www.kslinguistics.ca\/wp-content\/uploads\/2015\/01\/tfile_pic_big2.png\" class=\"ls-bg\" alt=\"\" srcset=\"https:\/\/www.kslinguistics.ca\/wp-content\/uploads\/2015\/01\/tfile_pic_big2.png 980w, https:\/\/www.kslinguistics.ca\/wp-content\/uploads\/2015\/01\/tfile_pic_big2-300x120.png 300w\" sizes=\"(max-width: 980px) 100vw, 980px\" \/><p style=\"font-weight:900;font-family:Raleway;font-size:44px;color:#FFFFFF;top:125px;left:32px;\" class=\"ls-l ls-text-layer\" data-ls=\"delayin:200;durationout:400;parallaxlevel:0;\">SERVICES DE<\/p><p style='font-weight:400;font-family:\"Roboto Condensed\";font-size:44px;color:#FFFFFF;top:169px;left:158px;' class=\"ls-l ls-text-layer\" data-ls=\"delayin:800;durationout:400;parallaxlevel:0;\">SOUS-TITRAGE ET<\/p><p style=\"font-weight:900;font-family:Raleway;font-size:44px;color:#FFFFFF;top:217px;left:67px;\" class=\"ls-l ls-text-layer\" data-ls=\"delayin:1400;durationout:400;parallaxlevel:0;\">DE LOCALISATION<\/p><\/div><div class=\"ls-slide\" data-ls=\"duration:4000;transition2d:90;\"><img loading=\"lazy\" decoding=\"async\" width=\"980\" height=\"392\" src=\"https:\/\/www.kslinguistics.ca\/wp-content\/uploads\/2015\/01\/tfile_pic_big3.png\" class=\"ls-bg\" alt=\"\" srcset=\"https:\/\/www.kslinguistics.ca\/wp-content\/uploads\/2015\/01\/tfile_pic_big3.png 980w, https:\/\/www.kslinguistics.ca\/wp-content\/uploads\/2015\/01\/tfile_pic_big3-300x120.png 300w\" sizes=\"(max-width: 980px) 100vw, 980px\" \/><p style=\"font-weight:900;font-family:Raleway;font-size:44px;color:#FFFFFF;top:166px;left:103px;\" class=\"ls-l ls-text-layer\" data-ls=\"delayin:800;durationout:400;parallaxlevel:0;\">VOS D\u00c9LAIS<\/p><p style='font-weight:400;font-family:\"Roboto Condensed\";font-size:44px;color:#FFFFFF;top:123px;left:52px;' class=\"ls-l ls-text-layer\" data-ls=\"delayin:200;durationout:400;parallaxlevel:0;\">SELON<\/p><\/div><div class=\"ls-slide\" data-ls=\"duration:4000;transition2d:90;\"><img loading=\"lazy\" decoding=\"async\" width=\"980\" height=\"392\" src=\"https:\/\/www.kslinguistics.ca\/wp-content\/uploads\/2015\/01\/tfile_pic_big4.png\" class=\"ls-bg\" alt=\"\" srcset=\"https:\/\/www.kslinguistics.ca\/wp-content\/uploads\/2015\/01\/tfile_pic_big4.png 980w, https:\/\/www.kslinguistics.ca\/wp-content\/uploads\/2015\/01\/tfile_pic_big4-300x120.png 300w\" sizes=\"(max-width: 980px) 100vw, 980px\" \/><p style=\"font-weight:900;font-family:Raleway;font-size:44px;color:#FFFFFF;top:166px;left:183px;\" class=\"ls-l ls-text-layer\" data-ls=\"delayin:800;durationout:400;parallaxlevel:0;\">BUDGET<\/p><p style='font-weight:400;font-family:\"Roboto Condensed\";font-size:44px;color:#FFFFFF;top:123px;left:97px;' class=\"ls-l ls-text-layer\" data-ls=\"delayin:200;durationout:400;parallaxlevel:0;\">ET VOTRE<\/p><\/div><div class=\"ls-slide\" data-ls=\"duration:4000;transition2d:90;\"><img loading=\"lazy\" decoding=\"async\" width=\"980\" height=\"392\" src=\"https:\/\/www.kslinguistics.ca\/wp-content\/uploads\/2015\/01\/tfile_pic_big5.png\" class=\"ls-bg\" alt=\"\" srcset=\"https:\/\/www.kslinguistics.ca\/wp-content\/uploads\/2015\/01\/tfile_pic_big5.png 980w, https:\/\/www.kslinguistics.ca\/wp-content\/uploads\/2015\/01\/tfile_pic_big5-300x120.png 300w\" sizes=\"(max-width: 980px) 100vw, 980px\" \/><p style=\"font-weight:900;font-family:Raleway;font-size:44px;color:#FFFFFF;top:166px;left:213px;\" class=\"ls-l ls-text-layer\" data-ls=\"delayin:1400;durationout:400;parallaxlevel:0;\">EXPERTS<\/p><p style='font-weight:400;font-family:\"Roboto Condensed\";font-size:44px;color:#FFFFFF;top:166px;left:126px;' class=\"ls-l ls-text-layer\" data-ls=\"delayin:800;durationout:400;parallaxlevel:0;\">AUX<\/p><p style=\"font-weight:900;font-family:Raleway;font-size:44px;color:#FFFFFF;top:123px;left:47px;\" class=\"ls-l ls-text-layer\" data-ls=\"delayin:200;durationout:400;parallaxlevel:0;\">FIEZ<\/p><p style='font-weight:400;font-family:\"Roboto Condensed\";font-size:44px;color:#FFFFFF;top:123px;left:142px;' class=\"ls-l ls-text-layer\" data-ls=\"delayin:500;durationout:400;parallaxlevel:0;\">-VOUS<\/p><\/div><\/div>[\/et_pb_text][\/et_pb_column][\/et_pb_row][\/et_pb_section][et_pb_section fb_built=&#8221;1&#8243; module_id=&#8221;slider-home&#8221; _builder_version=&#8221;3.22&#8243; background_color=&#8221;#111111&#8243; transparent_background=&#8221;off&#8221;][et_pb_row _builder_version=&#8221;3.25&#8243; background_size=&#8221;initial&#8221; background_position=&#8221;top_left&#8221; background_repeat=&#8221;repeat&#8221;][et_pb_column type=&#8221;4_4&#8243; _builder_version=&#8221;3.25&#8243; custom_padding=&#8221;|||&#8221; custom_padding__hover=&#8221;|||&#8221;][et_pb_text admin_label=&#8221;Text&#8221; _builder_version=&#8221;3.27.4&#8243; background_size=&#8221;initial&#8221; background_position=&#8221;top_left&#8221; background_repeat=&#8221;repeat&#8221; background_layout=&#8221;dark&#8221;]<\/p>\n<h1>\u00c0 propos de nous<\/h1>\n<p>KSLinguistics est une agence de traduction situ\u00e9e \u00e0 Kitchener en Ontario qui offre des solutions langagi\u00e8res aux entreprises de tout genre pr\u00eates \u00e0 se lancer sur le march\u00e9 canadien. Nos solutions diversifi\u00e9es comprennent notamment, des services de traduction, de r\u00e9vision, de correction d&#8217;\u00e9preuves et de localisation en anglais, en fran\u00e7ais et en espagnol pour r\u00e9pondre \u00e0 vos besoins en communication.<br \/>\n[\/et_pb_text][\/et_pb_column][\/et_pb_row][et_pb_row column_structure=&#8221;1_2,1_2&#8243; _builder_version=&#8221;3.25&#8243; background_size=&#8221;initial&#8221; background_position=&#8221;top_left&#8221; background_repeat=&#8221;repeat&#8221;][et_pb_column type=&#8221;1_2&#8243; _builder_version=&#8221;3.25&#8243; custom_padding=&#8221;|||&#8221; custom_padding__hover=&#8221;|||&#8221;][et_pb_text admin_label=&#8221;Text&#8221; _builder_version=&#8221;3.27.4&#8243; background_size=&#8221;initial&#8221; background_position=&#8221;top_left&#8221; background_repeat=&#8221;repeat&#8221; background_layout=&#8221;dark&#8221;]<\/p>\n<h2>La sp\u00e9cialisation qu\u2019il vous faut<\/h2>\n<p>Votre entreprise reconnue et bien \u00e9tablie a une client\u00e8le principalement francophone. Vous \u00eates maintenant pr\u00eats \u00e0 \u00e9largir vos activit\u00e9s et votre entreprise au reste du Canada ou ailleurs et \u00e0 aller chercher davantage de clients. KSL est l\u00e0 pour vous.<br \/>\n[\/et_pb_text][\/et_pb_column][et_pb_column type=&#8221;1_2&#8243; _builder_version=&#8221;3.25&#8243; custom_padding=&#8221;|||&#8221; custom_padding__hover=&#8221;|||&#8221;][et_pb_text admin_label=&#8221;Text&#8221; _builder_version=&#8221;3.27.4&#8243; background_size=&#8221;initial&#8221; background_position=&#8221;top_left&#8221; background_repeat=&#8221;repeat&#8221; background_layout=&#8221;dark&#8221;]<\/p>\n<h2>L\u2019exp\u00e9rience dont vous avez besoin<\/h2>\n<p>KSL entretient des relations avec des traducteurs professionnels chevronn\u00e9s dans les principales langues d&#8217;affaires. Nous comptons sur un r\u00e9seau de pigistes hautement qualifi\u00e9s et qui ont fait leurs preuves, pour offrir \u00e0 nos clients un service efficace et dans les d\u00e9lais prescrits. Contactez-nous d\u00e8s aujourd&#8217;hui pour obtenir un devis gratuit pour la langue qu&#8217;il vous faut.<br \/>\n[\/et_pb_text][\/et_pb_column][\/et_pb_row][et_pb_row _builder_version=&#8221;3.25&#8243; background_size=&#8221;initial&#8221; background_position=&#8221;top_left&#8221; background_repeat=&#8221;repeat&#8221;][et_pb_column type=&#8221;4_4&#8243; _builder_version=&#8221;3.25&#8243; custom_padding=&#8221;|||&#8221; custom_padding__hover=&#8221;|||&#8221;][et_pb_text admin_label=&#8221;Text&#8221; _builder_version=&#8221;3.27.4&#8243; background_size=&#8221;initial&#8221; background_position=&#8221;top_left&#8221; background_repeat=&#8221;repeat&#8221; background_layout=&#8221;dark&#8221;]<\/p>\n<h1>COMMENT PEUT-ON VOUS AIDER?<\/h1>\n<p>KSL se voit confi\u00e9e des projets de tout genre comme:<br \/>\n[\/et_pb_text][\/et_pb_column][\/et_pb_row][et_pb_row column_structure=&#8221;1_3,1_3,1_3&#8243; _builder_version=&#8221;3.25&#8243; background_size=&#8221;initial&#8221; background_position=&#8221;top_left&#8221; background_repeat=&#8221;repeat&#8221;][et_pb_column type=&#8221;1_3&#8243; _builder_version=&#8221;3.25&#8243; custom_padding=&#8221;|||&#8221; custom_padding__hover=&#8221;|||&#8221;][et_pb_blurb use_icon=&#8221;on&#8221; font_icon=&#8221;N&#8221; icon_placement=&#8221;left&#8221; admin_label=&#8221;Blurb&#8221; _builder_version=&#8221;3.0.74&#8243; background_size=&#8221;initial&#8221; background_position=&#8221;top_left&#8221; background_repeat=&#8221;repeat&#8221; background_layout=&#8221;dark&#8221; animation=&#8221;off&#8221;]Des communiqu\u00e9s de presse<br \/>\n[\/et_pb_blurb][et_pb_blurb use_icon=&#8221;on&#8221; font_icon=&#8221;N&#8221; icon_placement=&#8221;left&#8221; admin_label=&#8221;Blurb&#8221; _builder_version=&#8221;3.0.74&#8243; background_size=&#8221;initial&#8221; background_position=&#8221;top_left&#8221; background_repeat=&#8221;repeat&#8221; background_layout=&#8221;dark&#8221; animation=&#8221;off&#8221;]Des sous-titrages de films<br \/>\n[\/et_pb_blurb][et_pb_blurb use_icon=&#8221;on&#8221; font_icon=&#8221;N&#8221; icon_placement=&#8221;left&#8221; admin_label=&#8221;Blurb&#8221; _builder_version=&#8221;3.0.74&#8243; background_size=&#8221;initial&#8221; background_position=&#8221;top_left&#8221; background_repeat=&#8221;repeat&#8221; background_layout=&#8221;dark&#8221; animation=&#8221;off&#8221;]Des brochures publicitaires<br \/>\n[\/et_pb_blurb][\/et_pb_column][et_pb_column type=&#8221;1_3&#8243; _builder_version=&#8221;3.25&#8243; custom_padding=&#8221;|||&#8221; custom_padding__hover=&#8221;|||&#8221;][et_pb_blurb use_icon=&#8221;on&#8221; font_icon=&#8221;N&#8221; icon_placement=&#8221;left&#8221; admin_label=&#8221;Blurb&#8221; _builder_version=&#8221;3.0.74&#8243; background_size=&#8221;initial&#8221; background_position=&#8221;top_left&#8221; background_repeat=&#8221;repeat&#8221; background_layout=&#8221;dark&#8221; animation=&#8221;off&#8221;]Des fiches techniques<br \/>\n[\/et_pb_blurb][et_pb_blurb use_icon=&#8221;on&#8221; font_icon=&#8221;N&#8221; icon_placement=&#8221;left&#8221; admin_label=&#8221;Blurb&#8221; _builder_version=&#8221;3.0.74&#8243; background_size=&#8221;initial&#8221; background_position=&#8221;top_left&#8221; background_repeat=&#8221;repeat&#8221; background_layout=&#8221;dark&#8221; animation=&#8221;off&#8221;]Des guides d\u2019utilisation<br \/>\n[\/et_pb_blurb][et_pb_blurb use_icon=&#8221;on&#8221; font_icon=&#8221;N&#8221; icon_placement=&#8221;left&#8221; admin_label=&#8221;Blurb&#8221; _builder_version=&#8221;3.0.74&#8243; background_size=&#8221;initial&#8221; background_position=&#8221;top_left&#8221; background_repeat=&#8221;repeat&#8221; background_layout=&#8221;dark&#8221; animation=&#8221;off&#8221;]Des bulletins d&#8217;entreprises<br \/>\n[\/et_pb_blurb][\/et_pb_column][et_pb_column type=&#8221;1_3&#8243; _builder_version=&#8221;3.25&#8243; custom_padding=&#8221;|||&#8221; custom_padding__hover=&#8221;|||&#8221;][et_pb_blurb use_icon=&#8221;on&#8221; font_icon=&#8221;N&#8221; icon_placement=&#8221;left&#8221; admin_label=&#8221;Blurb&#8221; _builder_version=&#8221;3.0.74&#8243; background_size=&#8221;initial&#8221; background_position=&#8221;top_left&#8221; background_repeat=&#8221;repeat&#8221; background_layout=&#8221;dark&#8221; animation=&#8221;off&#8221;]Des rapports trimestriels et annuels<br \/>\n[\/et_pb_blurb][et_pb_blurb use_icon=&#8221;on&#8221; font_icon=&#8221;N&#8221; icon_placement=&#8221;left&#8221; admin_label=&#8221;Blurb&#8221; _builder_version=&#8221;3.0.74&#8243; background_size=&#8221;initial&#8221; background_position=&#8221;top_left&#8221; background_repeat=&#8221;repeat&#8221; background_layout=&#8221;dark&#8221; animation=&#8221;off&#8221;]Des manuels de formation<br \/>\n[\/et_pb_blurb][et_pb_blurb use_icon=&#8221;on&#8221; font_icon=&#8221;N&#8221; icon_placement=&#8221;left&#8221; admin_label=&#8221;Blurb&#8221; _builder_version=&#8221;3.0.74&#8243; background_size=&#8221;initial&#8221; background_position=&#8221;top_left&#8221; background_repeat=&#8221;repeat&#8221; background_layout=&#8221;dark&#8221; animation=&#8221;off&#8221;]Des applications mobiles<br \/>\n[\/et_pb_blurb][et_pb_blurb use_icon=&#8221;on&#8221; font_icon=&#8221;N&#8221; icon_placement=&#8221;left&#8221; admin_label=&#8221;Blurb&#8221; _builder_version=&#8221;3.0.74&#8243; background_size=&#8221;initial&#8221; background_position=&#8221;top_left&#8221; background_repeat=&#8221;repeat&#8221; background_layout=&#8221;dark&#8221; animation=&#8221;off&#8221;]et bien plus encore<br \/>\n[\/et_pb_blurb][\/et_pb_column][\/et_pb_row][\/et_pb_section]<\/p>\n","protected":false},"excerpt":{"rendered":"<p>Veuillez noter que nous ne subissons actuellement aucune interruption de service. En raison de l\u2019\u00e9pid\u00e9mie de COVID-19, nous travaillons avec diligence pour nous assurer que toutes les mesures de sant\u00e9 et de s\u00e9curit\u00e9 sont respect\u00e9es. Pour plus d\u2019informations sur nos proc\u00e9dures et interruptions de service, contactez-nous.DEMANDES URGENTES* Vous avez besoin de traduire un message urgent [&hellip;]<\/p>\n","protected":false},"author":1,"featured_media":0,"parent":0,"menu_order":0,"comment_status":"open","ping_status":"open","template":"","meta":{"_et_pb_use_builder":"on","_et_pb_old_content":"","_et_gb_content_width":"","footnotes":""},"class_list":["post-39","page","type-page","status-publish","hentry"],"yoast_head":"<!-- This site is optimized with the Yoast SEO plugin v26.6 - https:\/\/yoast.com\/wordpress\/plugins\/seo\/ -->\n<title>Accueil - KSLinguistics<\/title>\n<meta name=\"robots\" content=\"index, follow, max-snippet:-1, max-image-preview:large, max-video-preview:-1\" \/>\n<link rel=\"canonical\" href=\"https:\/\/www.kslinguistics.ca\/fr\/\" \/>\n<meta property=\"og:locale\" content=\"fr_FR\" \/>\n<meta property=\"og:type\" content=\"article\" \/>\n<meta property=\"og:title\" content=\"Accueil - KSLinguistics\" \/>\n<meta property=\"og:description\" content=\"Veuillez noter que nous ne subissons actuellement aucune interruption de service. En raison de l\u2019\u00e9pid\u00e9mie de COVID-19, nous travaillons avec diligence pour nous assurer que toutes les mesures de sant\u00e9 et de s\u00e9curit\u00e9 sont respect\u00e9es. Pour plus d\u2019informations sur nos proc\u00e9dures et interruptions de service, contactez-nous.DEMANDES URGENTES* Vous avez besoin de traduire un message urgent [&hellip;]\" \/>\n<meta property=\"og:url\" content=\"https:\/\/www.kslinguistics.ca\/fr\/\" \/>\n<meta property=\"og:site_name\" content=\"KSLinguistics\" \/>\n<meta property=\"article:modified_time\" content=\"2020-05-13T04:07:07+00:00\" \/>\n<meta name=\"twitter:label1\" content=\"Est. reading time\" \/>\n\t<meta name=\"twitter:data1\" content=\"6 minutes\" \/>\n<script type=\"application\/ld+json\" class=\"yoast-schema-graph\">{\"@context\":\"https:\/\/schema.org\",\"@graph\":[{\"@type\":\"WebPage\",\"@id\":\"https:\/\/www.kslinguistics.ca\/fr\/\",\"url\":\"https:\/\/www.kslinguistics.ca\/fr\/\",\"name\":\"Accueil - KSLinguistics\",\"isPartOf\":{\"@id\":\"https:\/\/www.kslinguistics.ca\/#website\"},\"datePublished\":\"2014-12-17T22:05:44+00:00\",\"dateModified\":\"2020-05-13T04:07:07+00:00\",\"breadcrumb\":{\"@id\":\"https:\/\/www.kslinguistics.ca\/fr\/#breadcrumb\"},\"inLanguage\":\"fr-FR\",\"potentialAction\":[{\"@type\":\"ReadAction\",\"target\":[\"https:\/\/www.kslinguistics.ca\/fr\/\"]}]},{\"@type\":\"BreadcrumbList\",\"@id\":\"https:\/\/www.kslinguistics.ca\/fr\/#breadcrumb\",\"itemListElement\":[{\"@type\":\"ListItem\",\"position\":1,\"name\":\"Home\",\"item\":\"https:\/\/www.kslinguistics.ca\/fr\/\"},{\"@type\":\"ListItem\",\"position\":2,\"name\":\"Accueil\"}]},{\"@type\":\"WebSite\",\"@id\":\"https:\/\/www.kslinguistics.ca\/#website\",\"url\":\"https:\/\/www.kslinguistics.ca\/\",\"name\":\"KSLinguistics\",\"description\":\"KSL is a leading language solutions company respected for our accurate and cost-saving translation and other language services.\",\"potentialAction\":[{\"@type\":\"SearchAction\",\"target\":{\"@type\":\"EntryPoint\",\"urlTemplate\":\"https:\/\/www.kslinguistics.ca\/?s={search_term_string}\"},\"query-input\":{\"@type\":\"PropertyValueSpecification\",\"valueRequired\":true,\"valueName\":\"search_term_string\"}}],\"inLanguage\":\"fr-FR\"}]}<\/script>\n<!-- \/ Yoast SEO plugin. -->","yoast_head_json":{"title":"Accueil - KSLinguistics","robots":{"index":"index","follow":"follow","max-snippet":"max-snippet:-1","max-image-preview":"max-image-preview:large","max-video-preview":"max-video-preview:-1"},"canonical":"https:\/\/www.kslinguistics.ca\/fr\/","og_locale":"fr_FR","og_type":"article","og_title":"Accueil - KSLinguistics","og_description":"Veuillez noter que nous ne subissons actuellement aucune interruption de service. En raison de l\u2019\u00e9pid\u00e9mie de COVID-19, nous travaillons avec diligence pour nous assurer que toutes les mesures de sant\u00e9 et de s\u00e9curit\u00e9 sont respect\u00e9es. Pour plus d\u2019informations sur nos proc\u00e9dures et interruptions de service, contactez-nous.DEMANDES URGENTES* Vous avez besoin de traduire un message urgent [&hellip;]","og_url":"https:\/\/www.kslinguistics.ca\/fr\/","og_site_name":"KSLinguistics","article_modified_time":"2020-05-13T04:07:07+00:00","twitter_misc":{"Est. reading time":"6 minutes"},"schema":{"@context":"https:\/\/schema.org","@graph":[{"@type":"WebPage","@id":"https:\/\/www.kslinguistics.ca\/fr\/","url":"https:\/\/www.kslinguistics.ca\/fr\/","name":"Accueil - KSLinguistics","isPartOf":{"@id":"https:\/\/www.kslinguistics.ca\/#website"},"datePublished":"2014-12-17T22:05:44+00:00","dateModified":"2020-05-13T04:07:07+00:00","breadcrumb":{"@id":"https:\/\/www.kslinguistics.ca\/fr\/#breadcrumb"},"inLanguage":"fr-FR","potentialAction":[{"@type":"ReadAction","target":["https:\/\/www.kslinguistics.ca\/fr\/"]}]},{"@type":"BreadcrumbList","@id":"https:\/\/www.kslinguistics.ca\/fr\/#breadcrumb","itemListElement":[{"@type":"ListItem","position":1,"name":"Home","item":"https:\/\/www.kslinguistics.ca\/fr\/"},{"@type":"ListItem","position":2,"name":"Accueil"}]},{"@type":"WebSite","@id":"https:\/\/www.kslinguistics.ca\/#website","url":"https:\/\/www.kslinguistics.ca\/","name":"KSLinguistics","description":"KSL is a leading language solutions company respected for our accurate and cost-saving translation and other language services.","potentialAction":[{"@type":"SearchAction","target":{"@type":"EntryPoint","urlTemplate":"https:\/\/www.kslinguistics.ca\/?s={search_term_string}"},"query-input":{"@type":"PropertyValueSpecification","valueRequired":true,"valueName":"search_term_string"}}],"inLanguage":"fr-FR"}]}},"jetpack_sharing_enabled":true,"_links":{"self":[{"href":"https:\/\/www.kslinguistics.ca\/fr\/wp-json\/wp\/v2\/pages\/39","targetHints":{"allow":["GET"]}}],"collection":[{"href":"https:\/\/www.kslinguistics.ca\/fr\/wp-json\/wp\/v2\/pages"}],"about":[{"href":"https:\/\/www.kslinguistics.ca\/fr\/wp-json\/wp\/v2\/types\/page"}],"author":[{"embeddable":true,"href":"https:\/\/www.kslinguistics.ca\/fr\/wp-json\/wp\/v2\/users\/1"}],"replies":[{"embeddable":true,"href":"https:\/\/www.kslinguistics.ca\/fr\/wp-json\/wp\/v2\/comments?post=39"}],"version-history":[{"count":5,"href":"https:\/\/www.kslinguistics.ca\/fr\/wp-json\/wp\/v2\/pages\/39\/revisions"}],"predecessor-version":[{"id":397,"href":"https:\/\/www.kslinguistics.ca\/fr\/wp-json\/wp\/v2\/pages\/39\/revisions\/397"}],"wp:attachment":[{"href":"https:\/\/www.kslinguistics.ca\/fr\/wp-json\/wp\/v2\/media?parent=39"}],"curies":[{"name":"wp","href":"https:\/\/api.w.org\/{rel}","templated":true}]}}