{"id":275,"date":"2015-02-20T12:17:56","date_gmt":"2015-02-20T17:17:56","guid":{"rendered":"http:\/\/www.kslinguistics.ca\/?page_id=275"},"modified":"2015-03-11T13:51:26","modified_gmt":"2015-03-11T17:51:26","slug":"ce-que-disent-nos-clients","status":"publish","type":"page","link":"https:\/\/www.kslinguistics.ca\/fr\/ce-que-disent-nos-clients\/","title":{"rendered":"Ce que disent nos clients"},"content":{"rendered":"<p>[et_pb_section fullwidth=&#8221;off&#8221; specialty=&#8221;off&#8221; transparent_background=&#8221;on&#8221; background_color=&#8221;#ffffff&#8221; allow_player_pause=&#8221;off&#8221; inner_shadow=&#8221;off&#8221; parallax=&#8221;off&#8221; parallax_method=&#8221;off&#8221; module_class=&#8221;pages-header&#8221;][et_pb_row][et_pb_column type=&#8221;4_4&#8243;][et_pb_text admin_label=&#8221;Text&#8221; background_layout=&#8221;dark&#8221; text_orientation=&#8221;left&#8221;]<script type=\"text\/javascript\">jQuery(function() { _initLayerSlider( '#layerslider_10_nq14tb4ock0m', {sliderVersion: '', responsiveUnder: 0, layersContainer: 0, pauseOnHover: 'on', skin: 'v5', thumbnailNavigation: 'disabled', useSrcset: true, skinsPath: 'https:\/\/www.kslinguistics.ca\/wp-content\/plugins\/LayerSlider\/assets\/static\/layerslider\/skins\/', type: 'responsive', showCircleTimer: false, performanceMode: true}); });<\/script><link href=\"https:\/\/fonts.googleapis.com\/css?family=Raleway:100,100i,200,200i,300,300i,400,400i,500,500i,600,600i,700,700i,800,800i,900,900i\" rel=\"stylesheet\"><div id=\"layerslider_10_nq14tb4ock0m\"  class=\"ls-wp-container fitvidsignore ls-selectable\" style=\"width:980px;height:392px;margin:0 auto;margin-bottom: 0px;\"><div class=\"ls-slide\" data-ls=\"duration:4000;transition2d:90;\"><img loading=\"lazy\" decoding=\"async\" width=\"980\" height=\"392\" src=\"https:\/\/www.kslinguistics.ca\/wp-content\/uploads\/2015\/02\/What-Customers-Say-image.jpg\" class=\"ls-bg\" alt=\"\" srcset=\"https:\/\/www.kslinguistics.ca\/wp-content\/uploads\/2015\/02\/What-Customers-Say-image.jpg 980w, https:\/\/www.kslinguistics.ca\/wp-content\/uploads\/2015\/02\/What-Customers-Say-image-300x120.jpg 300w\" sizes=\"(max-width: 980px) 100vw, 980px\" \/><p style=\"font-weight:900;font-family:Raleway;font-size:44px;color:#FFFFFF;top:137px;left:55px;\" class=\"ls-l ls-text-layer\" data-ls=\"delayin:200;durationout:400;parallaxlevel:0;\">CE QUE DISENT<br>\r\nNOS CLIENTS<\/p><\/div><\/div>[\/et_pb_text][\/et_pb_column][\/et_pb_row][\/et_pb_section][et_pb_section transparent_background=&#8221;on&#8221; background_color=&#8221;#ffffff&#8221; allow_player_pause=&#8221;off&#8221; inner_shadow=&#8221;off&#8221; parallax=&#8221;off&#8221; parallax_method=&#8221;off&#8221;][et_pb_row][et_pb_column type=&#8221;4_4&#8243;][et_pb_text admin_label=&#8221;Text&#8221; background_layout=&#8221;dark&#8221; text_orientation=&#8221;left&#8221; module_class=&#8221;page-title&#8221;]<\/p>\n<h1>Ce que disent nos clients<\/h1>\n<p>[\/et_pb_text][\/et_pb_column][\/et_pb_row][et_pb_row][et_pb_column type=&#8221;1_3&#8243;][et_pb_testimonial admin_label=&#8221;Testimonial&#8221; author=&#8221;Darlene M.&#8221; job_title=&#8221;Directrice, Proc\u00e9d\u00e9s de vente et concepts&#8221; company_name=&#8221;Financi\u00e8re Sun Life&#8221; url_new_window=&#8221;off&#8221; quote_icon=&#8221;off&#8221; use_background_color=&#8221;on&#8221; background_color=&#8221;#111111&#8243; background_layout=&#8221;dark&#8221; text_orientation=&#8221;left&#8221;]<\/p>\n<p>\u00ab Nous avons retenu les services de KSL pour un projet d\u2019envergure urgent et un d\u00e9lai serr\u00e9. Travailler avec KSL s\u2019est av\u00e9r\u00e9 un plaisir et nous avons re\u00e7u notre projet dans les d\u00e9lais demand\u00e9s. \u00bb<\/p>\n<p>[\/et_pb_testimonial][\/et_pb_column][et_pb_column type=&#8221;1_3&#8243;][et_pb_testimonial admin_label=&#8221;Testimonial&#8221; author=&#8221;Paul M.&#8221; job_title=&#8221;- Directeur, Services partag\u00e9s, D\u00e9veloppement et croissance de l&#8217;effectif de vente&#8221; company_name=&#8221;Financi\u00e8re Sun Life&#8221; url_new_window=&#8221;off&#8221; quote_icon=&#8221;off&#8221; use_background_color=&#8221;on&#8221; background_color=&#8221;#111111&#8243; background_layout=&#8221;dark&#8221; text_orientation=&#8221;left&#8221;]<\/p>\n<p>\u00ab Avec KSL nous recevons toujours des traductions de qualit\u00e9\u00a0dans les d\u00e9lais<br \/>\ndemand\u00e9s. \u00bb<\/p>\n<p>[\/et_pb_testimonial][\/et_pb_column][et_pb_column type=&#8221;1_3&#8243;][et_pb_testimonial admin_label=&#8221;Testimonial&#8221; author=&#8221;Koji M.&#8221; job_title=&#8221;Professionnel ind\u00e9pendant en r\u00e9alisation cin\u00e9matographique&#8221; url_new_window=&#8221;off&#8221; quote_icon=&#8221;off&#8221; use_background_color=&#8221;on&#8221; background_color=&#8221;#111111&#8243; background_layout=&#8221;dark&#8221; text_orientation=&#8221;left&#8221;]<\/p>\n<p>\u00ab KSL a assur\u00e9 la traduction, le sous-titrage et sous-titres cod\u00e9s de nos courtes vid\u00e9os virales (armageddonletters.com\/films). Le travail fourni par KSL pour notre projet multi-m\u00e9diatique s\u2019est av\u00e9r\u00e9 pr\u00e9cis, ponctuel et professionnel et je continuerai d\u2019utiliser leurs services pour mes projets \u00e0 long terme. \u00bb<\/p>\n<p>[\/et_pb_testimonial][\/et_pb_column][\/et_pb_row][et_pb_row][et_pb_column type=&#8221;1_2&#8243;][et_pb_testimonial admin_label=&#8221;Testimonial&#8221; author=&#8221;Joanna S.&#8221; company_name=&#8221;Aberdeen Captioning&#8221; url_new_window=&#8221;off&#8221; quote_icon=&#8221;off&#8221; use_background_color=&#8221;on&#8221; background_color=&#8221;#111111&#8243; background_layout=&#8221;dark&#8221; text_orientation=&#8221;left&#8221;]<\/p>\n<p>\u00ab Nos clients ont aim\u00e9 la qualit\u00e9 des traductions fournies par KSL. Il s\u2019agit d\u2019une entreprise fiable sur laquelle je peux compter pour obtenir mes traductions et sous-titres \u00e0 temps. C\u2019est sans h\u00e9sitation que je recommande KSL \u00e0 toute entreprise \u00e0 la recherche de services linguistiques et je compte faire appel \u00e0 KSL pour nos projets futurs. \u00bb<\/p>\n<p>[\/et_pb_testimonial][\/et_pb_column][et_pb_column type=&#8221;1_2&#8243;][et_pb_testimonial admin_label=&#8221;Testimonial&#8221; author=&#8221;Diana E.&#8221; company_name=&#8221;Moxie\u2019s Grillades et Bar&#8221; url_new_window=&#8221;off&#8221; quote_icon=&#8221;off&#8221; use_background_color=&#8221;on&#8221; background_color=&#8221;#111111&#8243; background_layout=&#8221;dark&#8221; text_orientation=&#8221;left&#8221;]<\/p>\n<p>\u00ab Nous avions BEAUCOUP \u00e0 faire traduire pour l\u2019ouverture imminente de notre premier restaurant \u00e0 Montr\u00e9al. Par sa diligence, KSL s\u2019est montr\u00e9 \u00e0 la hauteur d\u2019offrir un travail pr\u00e9cis et de qualit\u00e9 dans les d\u00e9lais \u00e9tablis. Je peux toujours compter sur KSL et c\u2019est pourquoi nous continuons \u00e0 faire appels \u00e0 ses services m\u00eame apr\u00e8s l\u2019inauguration de notre restaurant pour g\u00e9rer notre syst\u00e8me de recettes. \u00bb<\/p>\n<p>[\/et_pb_testimonial][\/et_pb_column][\/et_pb_row][\/et_pb_section][et_pb_section fullwidth=&#8221;off&#8221; specialty=&#8221;off&#8221; background_color=&#8221;#111111&#8243; inner_shadow=&#8221;off&#8221; parallax=&#8221;off&#8221; transparent_background=&#8221;off&#8221; parallax_method=&#8221;off&#8221;][et_pb_row][et_pb_column type=&#8221;4_4&#8243;][et_pb_cta admin_label=&#8221;Call To Action&#8221; title=&#8221;DEMANDEZ UN DEVIS GRATUIT AUJOURD\u2019HUI&#8221; button_url=&#8221;\/fr\/contact-fr&#8221; button_text=&#8221;CONTACTEZ-NOUS&#8221; use_background_color=&#8221;off&#8221; background_color=&#8221;#111111&#8243; background_layout=&#8221;dark&#8221; text_orientation=&#8221;center&#8221; \/][\/et_pb_column][\/et_pb_row][\/et_pb_section]<\/p>\n","protected":false},"excerpt":{"rendered":"<p><div class=\"et_pb_row et_pb_row_0 et_pb_row_empty\">\n\t\t\t\t\n\t\t\t\t\n\t\t\t\t\n\t\t\t\t\n\t\t\t\t\n\t\t\t<\/div><script type=\"text\/javascript\">jQuery(function() { _initLayerSlider( '#layerslider_10_1ahha81lct9bq', {sliderVersion: '', responsiveUnder: 0, layersContainer: 0, pauseOnHover: 'on', skin: 'v5', thumbnailNavigation: 'disabled', useSrcset: true, skinsPath: 'https:\/\/www.kslinguistics.ca\/wp-content\/plugins\/LayerSlider\/assets\/static\/layerslider\/skins\/', type: 'responsive', showCircleTimer: false, performanceMode: true}); });<\/script><div id=\"layerslider_10_1ahha81lct9bq\"  class=\"ls-wp-container fitvidsignore ls-selectable\" style=\"width:980px;height:392px;margin:0 auto;margin-bottom: 0px;\"><div class=\"ls-slide\" data-ls=\"duration:4000;transition2d:90;\"><img loading=\"lazy\" width=\"980\" height=\"392\" src=\"https:\/\/www.kslinguistics.ca\/wp-content\/uploads\/2015\/02\/What-Customers-Say-image.jpg\" class=\"ls-bg\" alt=\"\" decoding=\"async\" srcset=\"https:\/\/www.kslinguistics.ca\/wp-content\/uploads\/2015\/02\/What-Customers-Say-image.jpg 980w, https:\/\/www.kslinguistics.ca\/wp-content\/uploads\/2015\/02\/What-Customers-Say-image-300x120.jpg 300w\" sizes=\"(max-width: 980px) 100vw, 980px\" \/><p style=\"font-weight:900;font-family:Raleway;font-size:44px;color:#FFFFFF;top:137px;left:55px;\" class=\"ls-l ls-text-layer\" data-ls=\"delayin:200;durationout:400;parallaxlevel:0;\">CE QUE DISENT<br>\r\nNOS CLIENTS<\/p><\/div><\/div><div class=\"et_pb_row et_pb_row_1 et_pb_row_empty\">\n\t\t\t\t\n\t\t\t\t\n\t\t\t\t\n\t\t\t\t\n\t\t\t\t\n\t\t\t<\/div> Ce que disent nos clients <div class=\"et_pb_row et_pb_row_2 et_pb_row_empty\">\n\t\t\t\t\n\t\t\t\t\n\t\t\t\t\n\t\t\t\t\n\t\t\t\t\n\t\t\t<\/div> \u00ab Nous avons retenu les services de KSL pour un projet d\u2019envergure urgent et un d\u00e9lai serr\u00e9. Travailler avec KSL s\u2019est av\u00e9r\u00e9 un plaisir et nous avons re\u00e7u notre projet dans les d\u00e9lais demand\u00e9s. \u00bb \u00ab Avec KSL nous recevons toujours des traductions de qualit\u00e9\u00a0dans les d\u00e9lais [&hellip;]<\/p>\n","protected":false},"author":1,"featured_media":0,"parent":0,"menu_order":0,"comment_status":"closed","ping_status":"open","template":"","meta":{"_et_pb_use_builder":"on","_et_pb_old_content":"","_et_gb_content_width":"","footnotes":""},"class_list":["post-275","page","type-page","status-publish","hentry"],"yoast_head":"<!-- This site is optimized with the Yoast SEO plugin v26.6 - https:\/\/yoast.com\/wordpress\/plugins\/seo\/ -->\n<title>Ce que disent nos clients - KSLinguistics<\/title>\n<meta name=\"robots\" content=\"index, follow, max-snippet:-1, max-image-preview:large, max-video-preview:-1\" \/>\n<link rel=\"canonical\" href=\"https:\/\/www.kslinguistics.ca\/fr\/ce-que-disent-nos-clients\/\" \/>\n<meta property=\"og:locale\" content=\"fr_FR\" \/>\n<meta property=\"og:type\" content=\"article\" \/>\n<meta property=\"og:title\" content=\"Ce que disent nos clients - KSLinguistics\" \/>\n<meta property=\"og:description\" content=\"Ce que disent nos clients \u00ab Nous avons retenu les services de KSL pour un projet d\u2019envergure urgent et un d\u00e9lai serr\u00e9. Travailler avec KSL s\u2019est av\u00e9r\u00e9 un plaisir et nous avons re\u00e7u notre projet dans les d\u00e9lais demand\u00e9s. \u00bb \u00ab Avec KSL nous recevons toujours des traductions de qualit\u00e9\u00a0dans les d\u00e9lais [&hellip;]\" \/>\n<meta property=\"og:url\" content=\"https:\/\/www.kslinguistics.ca\/fr\/ce-que-disent-nos-clients\/\" \/>\n<meta property=\"og:site_name\" content=\"KSLinguistics\" \/>\n<meta property=\"article:modified_time\" content=\"2015-03-11T17:51:26+00:00\" \/>\n<meta name=\"twitter:label1\" content=\"Est. reading time\" \/>\n\t<meta name=\"twitter:data1\" content=\"3 minutes\" \/>\n<script type=\"application\/ld+json\" class=\"yoast-schema-graph\">{\"@context\":\"https:\/\/schema.org\",\"@graph\":[{\"@type\":\"WebPage\",\"@id\":\"https:\/\/www.kslinguistics.ca\/fr\/ce-que-disent-nos-clients\/\",\"url\":\"https:\/\/www.kslinguistics.ca\/fr\/ce-que-disent-nos-clients\/\",\"name\":\"Ce que disent nos clients - KSLinguistics\",\"isPartOf\":{\"@id\":\"https:\/\/www.kslinguistics.ca\/#website\"},\"datePublished\":\"2015-02-20T17:17:56+00:00\",\"dateModified\":\"2015-03-11T17:51:26+00:00\",\"breadcrumb\":{\"@id\":\"https:\/\/www.kslinguistics.ca\/fr\/ce-que-disent-nos-clients\/#breadcrumb\"},\"inLanguage\":\"fr-FR\",\"potentialAction\":[{\"@type\":\"ReadAction\",\"target\":[\"https:\/\/www.kslinguistics.ca\/fr\/ce-que-disent-nos-clients\/\"]}]},{\"@type\":\"BreadcrumbList\",\"@id\":\"https:\/\/www.kslinguistics.ca\/fr\/ce-que-disent-nos-clients\/#breadcrumb\",\"itemListElement\":[{\"@type\":\"ListItem\",\"position\":1,\"name\":\"Home\",\"item\":\"https:\/\/www.kslinguistics.ca\/fr\/\"},{\"@type\":\"ListItem\",\"position\":2,\"name\":\"Ce que disent nos clients\"}]},{\"@type\":\"WebSite\",\"@id\":\"https:\/\/www.kslinguistics.ca\/#website\",\"url\":\"https:\/\/www.kslinguistics.ca\/\",\"name\":\"KSLinguistics\",\"description\":\"KSL is a leading language solutions company respected for our accurate and cost-saving translation and other language services.\",\"potentialAction\":[{\"@type\":\"SearchAction\",\"target\":{\"@type\":\"EntryPoint\",\"urlTemplate\":\"https:\/\/www.kslinguistics.ca\/?s={search_term_string}\"},\"query-input\":{\"@type\":\"PropertyValueSpecification\",\"valueRequired\":true,\"valueName\":\"search_term_string\"}}],\"inLanguage\":\"fr-FR\"}]}<\/script>\n<!-- \/ Yoast SEO plugin. -->","yoast_head_json":{"title":"Ce que disent nos clients - KSLinguistics","robots":{"index":"index","follow":"follow","max-snippet":"max-snippet:-1","max-image-preview":"max-image-preview:large","max-video-preview":"max-video-preview:-1"},"canonical":"https:\/\/www.kslinguistics.ca\/fr\/ce-que-disent-nos-clients\/","og_locale":"fr_FR","og_type":"article","og_title":"Ce que disent nos clients - KSLinguistics","og_description":"Ce que disent nos clients \u00ab Nous avons retenu les services de KSL pour un projet d\u2019envergure urgent et un d\u00e9lai serr\u00e9. Travailler avec KSL s\u2019est av\u00e9r\u00e9 un plaisir et nous avons re\u00e7u notre projet dans les d\u00e9lais demand\u00e9s. \u00bb \u00ab Avec KSL nous recevons toujours des traductions de qualit\u00e9\u00a0dans les d\u00e9lais [&hellip;]","og_url":"https:\/\/www.kslinguistics.ca\/fr\/ce-que-disent-nos-clients\/","og_site_name":"KSLinguistics","article_modified_time":"2015-03-11T17:51:26+00:00","twitter_misc":{"Est. reading time":"3 minutes"},"schema":{"@context":"https:\/\/schema.org","@graph":[{"@type":"WebPage","@id":"https:\/\/www.kslinguistics.ca\/fr\/ce-que-disent-nos-clients\/","url":"https:\/\/www.kslinguistics.ca\/fr\/ce-que-disent-nos-clients\/","name":"Ce que disent nos clients - KSLinguistics","isPartOf":{"@id":"https:\/\/www.kslinguistics.ca\/#website"},"datePublished":"2015-02-20T17:17:56+00:00","dateModified":"2015-03-11T17:51:26+00:00","breadcrumb":{"@id":"https:\/\/www.kslinguistics.ca\/fr\/ce-que-disent-nos-clients\/#breadcrumb"},"inLanguage":"fr-FR","potentialAction":[{"@type":"ReadAction","target":["https:\/\/www.kslinguistics.ca\/fr\/ce-que-disent-nos-clients\/"]}]},{"@type":"BreadcrumbList","@id":"https:\/\/www.kslinguistics.ca\/fr\/ce-que-disent-nos-clients\/#breadcrumb","itemListElement":[{"@type":"ListItem","position":1,"name":"Home","item":"https:\/\/www.kslinguistics.ca\/fr\/"},{"@type":"ListItem","position":2,"name":"Ce que disent nos clients"}]},{"@type":"WebSite","@id":"https:\/\/www.kslinguistics.ca\/#website","url":"https:\/\/www.kslinguistics.ca\/","name":"KSLinguistics","description":"KSL is a leading language solutions company respected for our accurate and cost-saving translation and other language services.","potentialAction":[{"@type":"SearchAction","target":{"@type":"EntryPoint","urlTemplate":"https:\/\/www.kslinguistics.ca\/?s={search_term_string}"},"query-input":{"@type":"PropertyValueSpecification","valueRequired":true,"valueName":"search_term_string"}}],"inLanguage":"fr-FR"}]}},"jetpack_sharing_enabled":true,"_links":{"self":[{"href":"https:\/\/www.kslinguistics.ca\/fr\/wp-json\/wp\/v2\/pages\/275","targetHints":{"allow":["GET"]}}],"collection":[{"href":"https:\/\/www.kslinguistics.ca\/fr\/wp-json\/wp\/v2\/pages"}],"about":[{"href":"https:\/\/www.kslinguistics.ca\/fr\/wp-json\/wp\/v2\/types\/page"}],"author":[{"embeddable":true,"href":"https:\/\/www.kslinguistics.ca\/fr\/wp-json\/wp\/v2\/users\/1"}],"replies":[{"embeddable":true,"href":"https:\/\/www.kslinguistics.ca\/fr\/wp-json\/wp\/v2\/comments?post=275"}],"version-history":[{"count":5,"href":"https:\/\/www.kslinguistics.ca\/fr\/wp-json\/wp\/v2\/pages\/275\/revisions"}],"predecessor-version":[{"id":303,"href":"https:\/\/www.kslinguistics.ca\/fr\/wp-json\/wp\/v2\/pages\/275\/revisions\/303"}],"wp:attachment":[{"href":"https:\/\/www.kslinguistics.ca\/fr\/wp-json\/wp\/v2\/media?parent=275"}],"curies":[{"name":"wp","href":"https:\/\/api.w.org\/{rel}","templated":true}]}}