{"id":273,"date":"2015-02-20T12:16:47","date_gmt":"2015-02-20T17:16:47","guid":{"rendered":"http:\/\/www.kslinguistics.ca\/?page_id=273"},"modified":"2015-03-11T13:43:36","modified_gmt":"2015-03-11T17:43:36","slug":"services-fr","status":"publish","type":"page","link":"https:\/\/www.kslinguistics.ca\/fr\/services-fr\/","title":{"rendered":"Services"},"content":{"rendered":"<p>[et_pb_section fullwidth=&#8221;off&#8221; specialty=&#8221;off&#8221; transparent_background=&#8221;on&#8221; background_color=&#8221;#ffffff&#8221; allow_player_pause=&#8221;off&#8221; inner_shadow=&#8221;off&#8221; parallax=&#8221;off&#8221; parallax_method=&#8221;off&#8221; module_class=&#8221;pages-header&#8221;][et_pb_row][et_pb_column type=&#8221;4_4&#8243;][et_pb_text admin_label=&#8221;Text&#8221; background_layout=&#8221;dark&#8221; text_orientation=&#8221;left&#8221;]<script type=\"text\/javascript\">jQuery(function() { _initLayerSlider( '#layerslider_4_1rdjpnsg4d9dr', {sliderVersion: '', responsiveUnder: 0, layersContainer: 0, pauseOnHover: 'on', skin: 'v5', thumbnailNavigation: 'disabled', useSrcset: true, skinsPath: 'https:\/\/www.kslinguistics.ca\/wp-content\/plugins\/LayerSlider\/assets\/static\/layerslider\/skins\/', type: 'responsive', showCircleTimer: false, performanceMode: true}); });<\/script><link href=\"https:\/\/fonts.googleapis.com\/css?family=Raleway:100,100i,200,200i,300,300i,400,400i,500,500i,600,600i,700,700i,800,800i,900,900i\" rel=\"stylesheet\"><div id=\"layerslider_4_1rdjpnsg4d9dr\"  class=\"ls-wp-container fitvidsignore ls-selectable\" style=\"width:980px;height:392px;margin:0 auto;margin-bottom: 0px;\"><div class=\"ls-slide\" data-ls=\"duration:4000;transition2d:90;\"><img loading=\"lazy\" decoding=\"async\" width=\"980\" height=\"392\" src=\"https:\/\/www.kslinguistics.ca\/wp-content\/uploads\/2015\/01\/tfile_pic_big2.png\" class=\"ls-bg\" alt=\"\" srcset=\"https:\/\/www.kslinguistics.ca\/wp-content\/uploads\/2015\/01\/tfile_pic_big2.png 980w, https:\/\/www.kslinguistics.ca\/wp-content\/uploads\/2015\/01\/tfile_pic_big2-300x120.png 300w\" sizes=\"(max-width: 980px) 100vw, 980px\" \/><p style=\"font-weight:900;font-family:Raleway;font-size:44px;color:#FFFFFF;top:137px;left:53px;\" class=\"ls-l ls-text-layer\" data-ls=\"delayin:200;durationout:400;parallaxlevel:0;\">SERVICES<\/p><\/div><\/div>[\/et_pb_text][\/et_pb_column][\/et_pb_row][\/et_pb_section][et_pb_section background_color=&#8221;#111111&#8243; inner_shadow=&#8221;off&#8221; parallax=&#8221;on&#8221; transparent_background=&#8221;off&#8221; parallax_method=&#8221;off&#8221; module_class=&#8221;service1&#8243; allow_player_pause=&#8221;off&#8221;][et_pb_row][et_pb_column type=&#8221;4_4&#8243;][et_pb_text admin_label=&#8221;Text&#8221; background_layout=&#8221;dark&#8221; text_orientation=&#8221;left&#8221; module_class=&#8221;page-title&#8221;]<\/p>\n<h1>Services<\/h1>\n<p>[\/et_pb_text][et_pb_text admin_label=&#8221;Text&#8221; background_layout=&#8221;dark&#8221; text_orientation=&#8221;left&#8221;]<\/p>\n<p>Une traduction r\u00e9ussie doit \u00eatre pr\u00e9cise, convaincante et \u00e9l\u00e9gante sinon, votre message se perd. Une\u00a0traduction professionnelle peut non seulement contribuer au succ\u00e8s de votre entreprise, mais aussi \u00e0:<\/p>\n<p>[\/et_pb_text][et_pb_blurb admin_label=&#8221;Blurb&#8221; url_new_window=&#8221;off&#8221; use_icon=&#8221;on&#8221; font_icon=&#8221;N&#8221; icon_color=&#8221;#feca05&#8243; use_circle=&#8221;off&#8221; circle_color=&#8221;#feca05&#8243; use_circle_border=&#8221;off&#8221; circle_border_color=&#8221;#feca05&#8243; icon_placement=&#8221;left&#8221; animation=&#8221;off&#8221; background_layout=&#8221;dark&#8221; text_orientation=&#8221;left&#8221;]<\/p>\n<p>Faire bonne impression envers la client\u00e8le d\u00e9sir\u00e9e dans sa langue par un message clair et idiomatique\u00a0qui ne sent pas la traduction mot \u00e0 mot.<\/p>\n<p>[\/et_pb_blurb][et_pb_blurb admin_label=&#8221;Blurb&#8221; url_new_window=&#8221;off&#8221; use_icon=&#8221;on&#8221; font_icon=&#8221;N&#8221; icon_color=&#8221;#feca05&#8243; use_circle=&#8221;off&#8221; circle_color=&#8221;#feca05&#8243; use_circle_border=&#8221;off&#8221; circle_border_color=&#8221;#feca05&#8243; icon_placement=&#8221;left&#8221; animation=&#8221;off&#8221; background_layout=&#8221;dark&#8221; text_orientation=&#8221;left&#8221;]<\/p>\n<p>R\u00e9duire les co\u00fbts en faisant les choses bien, la premi\u00e8re fois.<\/p>\n<p>[\/et_pb_blurb][et_pb_blurb admin_label=&#8221;Blurb&#8221; url_new_window=&#8221;off&#8221; use_icon=&#8221;on&#8221; font_icon=&#8221;N&#8221; icon_color=&#8221;#feca05&#8243; use_circle=&#8221;off&#8221; circle_color=&#8221;#feca05&#8243; use_circle_border=&#8221;off&#8221; circle_border_color=&#8221;#feca05&#8243; icon_placement=&#8221;left&#8221; animation=&#8221;off&#8221; background_layout=&#8221;dark&#8221; text_orientation=&#8221;left&#8221;]<\/p>\n<p>\u00c9viter les risques d&#8217;erreurs ou de perdre le sens de votre message dans une mauvaise traduction.<\/p>\n<p>[\/et_pb_blurb][\/et_pb_column][\/et_pb_row][\/et_pb_section][et_pb_section fullwidth=&#8221;off&#8221; specialty=&#8221;off&#8221; transparent_background=&#8221;on&#8221; background_color=&#8221;#ffffff&#8221; allow_player_pause=&#8221;off&#8221; inner_shadow=&#8221;off&#8221; parallax=&#8221;off&#8221; parallax_method=&#8221;off&#8221;][et_pb_row][et_pb_column type=&#8221;1_2&#8243;][et_pb_blurb admin_label=&#8221;Blurb&#8221; url_new_window=&#8221;off&#8221; use_icon=&#8221;on&#8221; font_icon=&#8221;\ue0de&#8221; icon_color=&#8221;#111111&#8243; use_circle=&#8221;on&#8221; circle_color=&#8221;#feca05&#8243; use_circle_border=&#8221;off&#8221; circle_border_color=&#8221;#feca05&#8243; icon_placement=&#8221;left&#8221; animation=&#8221;off&#8221; background_layout=&#8221;dark&#8221; text_orientation=&#8221;left&#8221; title=&#8221;Traduction&#8221; \/][et_pb_text admin_label=&#8221;Text&#8221; background_layout=&#8221;dark&#8221; text_orientation=&#8221;left&#8221;]<\/p>\n<p>Pour mener des affaires au Canada, la communication dans les deux langues officielles est essentielle au succ\u00e8s d\u2019une entreprise. Si vous \u00eates fabricant ou importateur au Canada, vous devez savoir que tout le mat\u00e9riel se rapportant \u00e0 vos produits, des emballages aux manuels en passant par le mat\u00e9riel publicitaire et les modes d\u2019emploi, doit \u00eatre bilingue en plus d\u2019ob\u00e9ir aux directives gouvernementales sinon, vos produits pourraient \u00eatre retir\u00e9s des tablettes.<\/p>\n<p>Afin d\u2019atteindre les client\u00e8les francophone et anglophone, vous pouvez compter sur \u00a0KSL et ses ann\u00e9es d\u2019exp\u00e9rience pour vous aider.<\/p>\n<p>KSL est un service de traduction multilingue reconnu et respect\u00e9 pour ses services de traduction et de solutions langagi\u00e8res justes, \u00e0 temps et selon votre budget.<\/p>\n<p>[\/et_pb_text][\/et_pb_column][et_pb_column type=&#8221;1_2&#8243;][et_pb_blurb admin_label=&#8221;Blurb&#8221; url_new_window=&#8221;off&#8221; use_icon=&#8221;on&#8221; font_icon=&#8221;\ue0d1&#8221; icon_color=&#8221;#111111&#8243; use_circle=&#8221;on&#8221; circle_color=&#8221;#feca05&#8243; use_circle_border=&#8221;off&#8221; circle_border_color=&#8221;#feca05&#8243; icon_placement=&#8221;left&#8221; animation=&#8221;off&#8221; background_layout=&#8221;dark&#8221; text_orientation=&#8221;left&#8221; title=&#8221;Sous-titrage&#8221; \/][et_pb_text admin_label=&#8221;Text&#8221; background_layout=&#8221;dark&#8221; text_orientation=&#8221;left&#8221;]<\/p>\n<p>Vous cherchez \u00e0 faire traduire les sous-titres d\u2019un film ou d\u2019une vid\u00e9o? Vous avez un texte \u00e0 mettre en\u00a0 sous-titres? En plus de son service de traduction, KSL vous propose aussi un service de sous-titrage pour vid\u00e9os et le Web.<\/p>\n<p>Nos techniques innovatrices et notre attention au d\u00e9tail donnent \u00e0 vos projets vid\u00e9o\u00a0 des sous-titres qui communiquent votre message avec pr\u00e9cision, style et clart\u00e9 \u00e0 tout coup.<\/p>\n<p>Avec KSL vous avez tout ce dont vous avez besoin pour rendre vos vid\u00e9os dans une autre langue. Nous pouvons traduire, fournir ou synchroniser des sous-titres dans tous les formats compatibles de l\u2019industrie. Confiez vos projets de sous-titrage \u00e0 KSL, nous avons l\u2019exp\u00e9rience pour vous aider \u00e0 accomplir votre projet \u00e0 l\u2019heure et dans les limites de votre budget.<\/p>\n<p>KSL peut prendre en charge plusieurs types de documents. Voici\u00a0 une liste des formats et des types de documents avec lesquels nous travaillons le plus souvent : doc\/docx, srt, pdf, xml, xls\/xlsx, html, csv, ppt\/pptx, ttx, txt\/rtf.<\/p>\n<p>[\/et_pb_text][\/et_pb_column][\/et_pb_row][et_pb_row][et_pb_column type=&#8221;1_2&#8243;][et_pb_blurb admin_label=&#8221;Blurb&#8221; url_new_window=&#8221;off&#8221; use_icon=&#8221;on&#8221; font_icon=&#8221;\ue0f7&#8221; icon_color=&#8221;#111111&#8243; use_circle=&#8221;on&#8221; circle_color=&#8221;#feca05&#8243; use_circle_border=&#8221;off&#8221; circle_border_color=&#8221;#feca05&#8243; icon_placement=&#8221;left&#8221; animation=&#8221;off&#8221; background_layout=&#8221;dark&#8221; text_orientation=&#8221;left&#8221; title=&#8221;Relecture&#8221; \/][et_pb_text admin_label=&#8221;Text&#8221; background_layout=&#8221;dark&#8221; text_orientation=&#8221;left&#8221;]<\/p>\n<p>La relecture fait partie de notre service de traduction. Nos relecteurs v\u00e9rifient m\u00e9ticuleusement le texte afin de d\u00e9celer toute faute de frappe ou de grammaire et de s\u2019assurer que le contenu se lit bien. Nous vous proposons aussi notre service de relecture distinct si vous souhaitez qu\u2019un professionnel examine un document que vous avez \u00e9crit ou traduit.<\/p>\n<p>[\/et_pb_text][\/et_pb_column][et_pb_column type=&#8221;1_2&#8243;][et_pb_blurb admin_label=&#8221;Blurb&#8221; url_new_window=&#8221;off&#8221; use_icon=&#8221;on&#8221; font_icon=&#8221;\ue059&#8221; icon_color=&#8221;#111111&#8243; use_circle=&#8221;on&#8221; circle_color=&#8221;#feca05&#8243; use_circle_border=&#8221;off&#8221; circle_border_color=&#8221;#feca05&#8243; icon_placement=&#8221;left&#8221; animation=&#8221;off&#8221; background_layout=&#8221;dark&#8221; text_orientation=&#8221;left&#8221; title=&#8221;Transcription&#8221; \/][et_pb_text admin_label=&#8221;Text&#8221; background_layout=&#8221;dark&#8221; text_orientation=&#8221;left&#8221;]<\/p>\n<p>Malgr\u00e9 elles, les nombreuses perc\u00e9es technologiques sont encore loin de pouvoir convertir la parole en texte de mani\u00e8re infaillible. KSL vous propose son service de transcription juridique ou verbatim conforme \u00e0 vos sp\u00e9cifications. Envoyez-nous votre contenu dans un des formats audio courants et nous nous occuperons du reste.<\/p>\n<p>[\/et_pb_text][\/et_pb_column][\/et_pb_row][\/et_pb_section][et_pb_section fullwidth=&#8221;off&#8221; specialty=&#8221;off&#8221; background_color=&#8221;#111111&#8243; inner_shadow=&#8221;off&#8221; parallax=&#8221;off&#8221; transparent_background=&#8221;off&#8221; parallax_method=&#8221;off&#8221;][et_pb_row][et_pb_column type=&#8221;4_4&#8243;][et_pb_cta admin_label=&#8221;Call To Action&#8221; title=&#8221;DEMANDEZ UN DEVIS GRATUIT AUJOURD\u2019HUI&#8221; button_url=&#8221;\/fr\/contact-fr&#8221; button_text=&#8221;CONTACTEZ-NOUS&#8221; use_background_color=&#8221;off&#8221; background_color=&#8221;#111111&#8243; background_layout=&#8221;dark&#8221; text_orientation=&#8221;center&#8221; \/][\/et_pb_column][\/et_pb_row][\/et_pb_section]<\/p>\n","protected":false},"excerpt":{"rendered":"<p><div class=\"et_pb_row et_pb_row_0 et_pb_row_empty\">\n\t\t\t\t\n\t\t\t\t\n\t\t\t\t\n\t\t\t\t\n\t\t\t\t\n\t\t\t<\/div><script type=\"text\/javascript\">jQuery(function() { _initLayerSlider( '#layerslider_4_1d267pcx4a78d', {sliderVersion: '', responsiveUnder: 0, layersContainer: 0, pauseOnHover: 'on', skin: 'v5', thumbnailNavigation: 'disabled', useSrcset: true, skinsPath: 'https:\/\/www.kslinguistics.ca\/wp-content\/plugins\/LayerSlider\/assets\/static\/layerslider\/skins\/', type: 'responsive', showCircleTimer: false, performanceMode: true}); });<\/script><div id=\"layerslider_4_1d267pcx4a78d\"  class=\"ls-wp-container fitvidsignore ls-selectable\" style=\"width:980px;height:392px;margin:0 auto;margin-bottom: 0px;\"><div class=\"ls-slide\" data-ls=\"duration:4000;transition2d:90;\"><img loading=\"lazy\" width=\"980\" height=\"392\" src=\"https:\/\/www.kslinguistics.ca\/wp-content\/uploads\/2015\/01\/tfile_pic_big2.png\" class=\"ls-bg\" alt=\"\" decoding=\"async\" srcset=\"https:\/\/www.kslinguistics.ca\/wp-content\/uploads\/2015\/01\/tfile_pic_big2.png 980w, https:\/\/www.kslinguistics.ca\/wp-content\/uploads\/2015\/01\/tfile_pic_big2-300x120.png 300w\" sizes=\"(max-width: 980px) 100vw, 980px\" \/><p style=\"font-weight:900;font-family:Raleway;font-size:44px;color:#FFFFFF;top:137px;left:53px;\" class=\"ls-l ls-text-layer\" data-ls=\"delayin:200;durationout:400;parallaxlevel:0;\">SERVICES<\/p><\/div><\/div><div class=\"et_pb_row et_pb_row_1 et_pb_row_empty\">\n\t\t\t\t\n\t\t\t\t\n\t\t\t\t\n\t\t\t\t\n\t\t\t\t\n\t\t\t<\/div> Services Une traduction r\u00e9ussie doit \u00eatre pr\u00e9cise, convaincante et \u00e9l\u00e9gante sinon, votre message se perd. Une\u00a0traduction professionnelle peut non seulement contribuer au succ\u00e8s de votre entreprise, mais aussi \u00e0: Faire bonne impression envers la client\u00e8le d\u00e9sir\u00e9e dans sa langue par un message clair et idiomatique\u00a0qui ne sent pas la traduction mot \u00e0 mot. [&hellip;]<\/p>\n","protected":false},"author":1,"featured_media":0,"parent":0,"menu_order":0,"comment_status":"open","ping_status":"closed","template":"","meta":{"_et_pb_use_builder":"on","_et_pb_old_content":"","_et_gb_content_width":"","footnotes":""},"class_list":["post-273","page","type-page","status-publish","hentry"],"yoast_head":"<!-- This site is optimized with the Yoast SEO plugin v26.6 - https:\/\/yoast.com\/wordpress\/plugins\/seo\/ -->\n<title>Services - KSLinguistics<\/title>\n<meta name=\"robots\" content=\"index, follow, max-snippet:-1, max-image-preview:large, max-video-preview:-1\" \/>\n<link rel=\"canonical\" href=\"https:\/\/www.kslinguistics.ca\/fr\/services-fr\/\" \/>\n<meta property=\"og:locale\" content=\"fr_FR\" \/>\n<meta property=\"og:type\" content=\"article\" \/>\n<meta property=\"og:title\" content=\"Services - KSLinguistics\" \/>\n<meta property=\"og:description\" content=\"Services Une traduction r\u00e9ussie doit \u00eatre pr\u00e9cise, convaincante et \u00e9l\u00e9gante sinon, votre message se perd. Une\u00a0traduction professionnelle peut non seulement contribuer au succ\u00e8s de votre entreprise, mais aussi \u00e0: Faire bonne impression envers la client\u00e8le d\u00e9sir\u00e9e dans sa langue par un message clair et idiomatique\u00a0qui ne sent pas la traduction mot \u00e0 mot. [&hellip;]\" \/>\n<meta property=\"og:url\" content=\"https:\/\/www.kslinguistics.ca\/fr\/services-fr\/\" \/>\n<meta property=\"og:site_name\" content=\"KSLinguistics\" \/>\n<meta property=\"article:modified_time\" content=\"2015-03-11T17:43:36+00:00\" \/>\n<meta name=\"twitter:label1\" content=\"Est. reading time\" \/>\n\t<meta name=\"twitter:data1\" content=\"6 minutes\" \/>\n<script type=\"application\/ld+json\" class=\"yoast-schema-graph\">{\"@context\":\"https:\/\/schema.org\",\"@graph\":[{\"@type\":\"WebPage\",\"@id\":\"https:\/\/www.kslinguistics.ca\/fr\/services-fr\/\",\"url\":\"https:\/\/www.kslinguistics.ca\/fr\/services-fr\/\",\"name\":\"Services - KSLinguistics\",\"isPartOf\":{\"@id\":\"https:\/\/www.kslinguistics.ca\/#website\"},\"datePublished\":\"2015-02-20T17:16:47+00:00\",\"dateModified\":\"2015-03-11T17:43:36+00:00\",\"breadcrumb\":{\"@id\":\"https:\/\/www.kslinguistics.ca\/fr\/services-fr\/#breadcrumb\"},\"inLanguage\":\"fr-FR\",\"potentialAction\":[{\"@type\":\"ReadAction\",\"target\":[\"https:\/\/www.kslinguistics.ca\/fr\/services-fr\/\"]}]},{\"@type\":\"BreadcrumbList\",\"@id\":\"https:\/\/www.kslinguistics.ca\/fr\/services-fr\/#breadcrumb\",\"itemListElement\":[{\"@type\":\"ListItem\",\"position\":1,\"name\":\"Home\",\"item\":\"https:\/\/www.kslinguistics.ca\/fr\/\"},{\"@type\":\"ListItem\",\"position\":2,\"name\":\"Services\"}]},{\"@type\":\"WebSite\",\"@id\":\"https:\/\/www.kslinguistics.ca\/#website\",\"url\":\"https:\/\/www.kslinguistics.ca\/\",\"name\":\"KSLinguistics\",\"description\":\"KSL is a leading language solutions company respected for our accurate and cost-saving translation and other language services.\",\"potentialAction\":[{\"@type\":\"SearchAction\",\"target\":{\"@type\":\"EntryPoint\",\"urlTemplate\":\"https:\/\/www.kslinguistics.ca\/?s={search_term_string}\"},\"query-input\":{\"@type\":\"PropertyValueSpecification\",\"valueRequired\":true,\"valueName\":\"search_term_string\"}}],\"inLanguage\":\"fr-FR\"}]}<\/script>\n<!-- \/ Yoast SEO plugin. -->","yoast_head_json":{"title":"Services - KSLinguistics","robots":{"index":"index","follow":"follow","max-snippet":"max-snippet:-1","max-image-preview":"max-image-preview:large","max-video-preview":"max-video-preview:-1"},"canonical":"https:\/\/www.kslinguistics.ca\/fr\/services-fr\/","og_locale":"fr_FR","og_type":"article","og_title":"Services - KSLinguistics","og_description":"Services Une traduction r\u00e9ussie doit \u00eatre pr\u00e9cise, convaincante et \u00e9l\u00e9gante sinon, votre message se perd. Une\u00a0traduction professionnelle peut non seulement contribuer au succ\u00e8s de votre entreprise, mais aussi \u00e0: Faire bonne impression envers la client\u00e8le d\u00e9sir\u00e9e dans sa langue par un message clair et idiomatique\u00a0qui ne sent pas la traduction mot \u00e0 mot. [&hellip;]","og_url":"https:\/\/www.kslinguistics.ca\/fr\/services-fr\/","og_site_name":"KSLinguistics","article_modified_time":"2015-03-11T17:43:36+00:00","twitter_misc":{"Est. reading time":"6 minutes"},"schema":{"@context":"https:\/\/schema.org","@graph":[{"@type":"WebPage","@id":"https:\/\/www.kslinguistics.ca\/fr\/services-fr\/","url":"https:\/\/www.kslinguistics.ca\/fr\/services-fr\/","name":"Services - KSLinguistics","isPartOf":{"@id":"https:\/\/www.kslinguistics.ca\/#website"},"datePublished":"2015-02-20T17:16:47+00:00","dateModified":"2015-03-11T17:43:36+00:00","breadcrumb":{"@id":"https:\/\/www.kslinguistics.ca\/fr\/services-fr\/#breadcrumb"},"inLanguage":"fr-FR","potentialAction":[{"@type":"ReadAction","target":["https:\/\/www.kslinguistics.ca\/fr\/services-fr\/"]}]},{"@type":"BreadcrumbList","@id":"https:\/\/www.kslinguistics.ca\/fr\/services-fr\/#breadcrumb","itemListElement":[{"@type":"ListItem","position":1,"name":"Home","item":"https:\/\/www.kslinguistics.ca\/fr\/"},{"@type":"ListItem","position":2,"name":"Services"}]},{"@type":"WebSite","@id":"https:\/\/www.kslinguistics.ca\/#website","url":"https:\/\/www.kslinguistics.ca\/","name":"KSLinguistics","description":"KSL is a leading language solutions company respected for our accurate and cost-saving translation and other language services.","potentialAction":[{"@type":"SearchAction","target":{"@type":"EntryPoint","urlTemplate":"https:\/\/www.kslinguistics.ca\/?s={search_term_string}"},"query-input":{"@type":"PropertyValueSpecification","valueRequired":true,"valueName":"search_term_string"}}],"inLanguage":"fr-FR"}]}},"jetpack_sharing_enabled":true,"_links":{"self":[{"href":"https:\/\/www.kslinguistics.ca\/fr\/wp-json\/wp\/v2\/pages\/273","targetHints":{"allow":["GET"]}}],"collection":[{"href":"https:\/\/www.kslinguistics.ca\/fr\/wp-json\/wp\/v2\/pages"}],"about":[{"href":"https:\/\/www.kslinguistics.ca\/fr\/wp-json\/wp\/v2\/types\/page"}],"author":[{"embeddable":true,"href":"https:\/\/www.kslinguistics.ca\/fr\/wp-json\/wp\/v2\/users\/1"}],"replies":[{"embeddable":true,"href":"https:\/\/www.kslinguistics.ca\/fr\/wp-json\/wp\/v2\/comments?post=273"}],"version-history":[{"count":5,"href":"https:\/\/www.kslinguistics.ca\/fr\/wp-json\/wp\/v2\/pages\/273\/revisions"}],"predecessor-version":[{"id":358,"href":"https:\/\/www.kslinguistics.ca\/fr\/wp-json\/wp\/v2\/pages\/273\/revisions\/358"}],"wp:attachment":[{"href":"https:\/\/www.kslinguistics.ca\/fr\/wp-json\/wp\/v2\/media?parent=273"}],"curies":[{"name":"wp","href":"https:\/\/api.w.org\/{rel}","templated":true}]}}