{"id":271,"date":"2015-02-20T11:54:59","date_gmt":"2015-02-20T16:54:59","guid":{"rendered":"http:\/\/www.kslinguistics.ca\/?page_id=271"},"modified":"2016-12-28T16:53:46","modified_gmt":"2016-12-28T21:53:46","slug":"portfolio-fr","status":"publish","type":"page","link":"https:\/\/www.kslinguistics.ca\/fr\/portfolio-fr\/","title":{"rendered":"Portfolio"},"content":{"rendered":"<p>[et_pb_section fullwidth=&#8221;off&#8221; specialty=&#8221;off&#8221; transparent_background=&#8221;on&#8221; background_color=&#8221;#ffffff&#8221; allow_player_pause=&#8221;off&#8221; inner_shadow=&#8221;off&#8221; parallax=&#8221;off&#8221; parallax_method=&#8221;off&#8221; module_class=&#8221;pages-header&#8221;][et_pb_row][et_pb_column type=&#8221;4_4&#8243;][et_pb_text admin_label=&#8221;Text&#8221; background_layout=&#8221;dark&#8221; text_orientation=&#8221;left&#8221;]<script type=\"text\/javascript\">jQuery(function() { _initLayerSlider( '#layerslider_8_psbnxoias7ja', {sliderVersion: '', responsiveUnder: 0, layersContainer: 0, pauseOnHover: 'on', skin: 'v5', thumbnailNavigation: 'disabled', useSrcset: true, skinsPath: 'https:\/\/www.kslinguistics.ca\/wp-content\/plugins\/LayerSlider\/assets\/static\/layerslider\/skins\/', type: 'responsive', showCircleTimer: false, performanceMode: true}); });<\/script><link href=\"https:\/\/fonts.googleapis.com\/css?family=Raleway:100,100i,200,200i,300,300i,400,400i,500,500i,600,600i,700,700i,800,800i,900,900i\" rel=\"stylesheet\"><div id=\"layerslider_8_psbnxoias7ja\"  class=\"ls-wp-container fitvidsignore ls-selectable\" style=\"width:980px;height:392px;margin:0 auto;margin-bottom: 0px;\"><div class=\"ls-slide\" data-ls=\"duration:4000;transition2d:90;\"><img loading=\"lazy\" decoding=\"async\" width=\"980\" height=\"392\" src=\"https:\/\/www.kslinguistics.ca\/wp-content\/uploads\/2015\/01\/tfile_pic_big5.png\" class=\"ls-bg\" alt=\"\" srcset=\"https:\/\/www.kslinguistics.ca\/wp-content\/uploads\/2015\/01\/tfile_pic_big5.png 980w, https:\/\/www.kslinguistics.ca\/wp-content\/uploads\/2015\/01\/tfile_pic_big5-300x120.png 300w\" sizes=\"(max-width: 980px) 100vw, 980px\" \/><p style=\"font-weight:900;font-family:Raleway;font-size:44px;color:#FFFFFF;top:137px;left:53px;\" class=\"ls-l ls-text-layer\" data-ls=\"delayin:200;durationout:400;parallaxlevel:0;\">PORTFOLIO<\/p><\/div><\/div>[\/et_pb_text][\/et_pb_column][\/et_pb_row][\/et_pb_section][et_pb_section background_color=&#8221;#111111&#8243; inner_shadow=&#8221;off&#8221; parallax=&#8221;on&#8221; transparent_background=&#8221;on&#8221; parallax_method=&#8221;off&#8221; module_class=&#8221;portfolio&#8221; allow_player_pause=&#8221;off&#8221;][et_pb_row][et_pb_column type=&#8221;4_4&#8243;][et_pb_text admin_label=&#8221;Text&#8221; background_layout=&#8221;dark&#8221; text_orientation=&#8221;left&#8221; module_class=&#8221;page-title&#8221;]<\/p>\n<h1>Portfolio<\/h1>\n<p>[\/et_pb_text][et_pb_text admin_label=&#8221;Text&#8221; background_layout=&#8221;dark&#8221; text_orientation=&#8221;left&#8221;]<\/p>\n<p>Nous aimons apprendre \u00e0 conna\u00eetre nos clients et \u00e0 devenir membres de leur organisation. En travaillant avec vous, nous pouvons vous aider \u00e0 obtenir les r\u00e9sultats voulus selon vos budgets. Comme d\u2019autres avant vous, confiez vos projets de traduction, de sous-titrage, de transcription et autres aux experts de KSL dont la formation universitaire et l\u2019exp\u00e9rience t\u00e9moignent d\u2019une parfaite ma\u00eetrise des langues de d\u00e9part et d\u2019arriv\u00e9e. Voici quelques-unes des entreprises qui ont travaill\u00e9 avec nous au fil des ans\u00a0:<\/p>\n<p>[\/et_pb_text][et_pb_text admin_label=&#8221;Bullet points&#8221; background_layout=&#8221;dark&#8221; text_orientation=&#8221;left&#8221;]<\/p>\n<ul>\n<li>Centre pour l\u2019innovation dans la gouvernance internationale<\/li>\n<li>Communitech<\/li>\n<li>Aberdeen Captioning<\/li>\n<li>Universit\u00e9 de Waterloo<\/li>\n<\/ul>\n<p>[\/et_pb_text][et_pb_divider admin_label=&#8221;Divider&#8221; color=&#8221;#666666&#8243; show_divider=&#8221;on&#8221; height=&#8221;10&#8243; \/][\/et_pb_column][\/et_pb_row][et_pb_row][et_pb_column type=&#8221;1_2&#8243;][et_pb_text admin_label=&#8221;Daree Imports&#8221; background_layout=&#8221;dark&#8221; text_orientation=&#8221;left&#8221;]<\/p>\n<h2>Daree Imports<\/h2>\n<p><img loading=\"lazy\" decoding=\"async\" class=\"alignnone size-full wp-image-297\" src=\"http:\/\/www.kslinguistics.ca\/wp-content\/uploads\/2015\/02\/Witchcraft-Cosmetics_FR.png\" alt=\"Witchcraft Cosmetics_FR\" width=\"460\" height=\"250\" srcset=\"https:\/\/www.kslinguistics.ca\/wp-content\/uploads\/2015\/02\/Witchcraft-Cosmetics_FR.png 460w, https:\/\/www.kslinguistics.ca\/wp-content\/uploads\/2015\/02\/Witchcraft-Cosmetics_FR-300x163.png 300w\" sizes=\"(max-width: 460px) 100vw, 460px\" \/><\/p>\n<p><em><strong><span style=\"color: #999999;\">Services:<br \/>\n<\/span><\/strong>Traduction et conformit\u00e9 des emballages aux normes provinciales et f\u00e9d\u00e9rales, lecture d\u2019\u00e9preuve et r\u00e9vision<br \/>\n<\/em><\/p>\n<p>KSL travaille r\u00e9guli\u00e8rement avec Daree Imports pour la traduction d\u2019emballages de produits cosm\u00e9tiques de marque comme Witchcraft et pour assurer leur conformit\u00e9 aux normes d\u2019\u00e9tiquetage du gouvernement canadien. Ces projets demandent plus qu\u2019une simple expertise du domaine des produits cosm\u00e9tiques, mais aussi l\u2019habilet\u00e9 de g\u00e9rer plusieurs projets \u00e0 la fois et de jongler les rigueurs des normes d\u2019\u00e9tiquetage et l\u2019aspect cr\u00e9atif et amusant de ces emballages. Comme la traduction juste de phrases ou de segments courts peut \u00eatre difficile sans contexte, nous nous assurons de toujours poser beaucoup de questions d\u00e8s qu\u2019un projet nous est confi\u00e9.<\/p>\n<p>[\/et_pb_text][\/et_pb_column][et_pb_column type=&#8221;1_2&#8243;][et_pb_text admin_label=&#8221;Balsillie&#8221; background_layout=&#8221;dark&#8221; text_orientation=&#8221;left&#8221;]<\/p>\n<h2>Projet The Armageddon Letters &#8211; Balsillie School of International Affairs<\/h2>\n<p>&nbsp;<\/p>\n<p>&nbsp;<\/p>\n<p><iframe loading=\"lazy\" width=\"1080\" height=\"608\" src=\"https:\/\/www.youtube.com\/embed\/fISw4KNHgMQ?feature=oembed\" frameborder=\"0\" allowfullscreen><\/iframe><\/p>\n<p>&nbsp;<\/p>\n<p>&nbsp;<\/p>\n<p>&nbsp;<\/p>\n<p><img loading=\"lazy\" decoding=\"async\" class=\"alignnone size-full wp-image-192\" src=\"http:\/\/www.kslinguistics.ca\/wp-content\/uploads\/2015\/02\/cid_image001_jpg01cb4b5d.jpg\" alt=\"cid_image001_jpg01cb4b5d\" width=\"500\" height=\"136\" \/><\/p>\n<p><span style=\"color: #999999;\"><em><strong>Services:<\/strong><\/em><\/span><em>\u00a0Traduction et sous-titrage<\/em><\/p>\n<p>KSL a \u00e9t\u00e9 retenue par l\u2019\u00e9quipe multim\u00e9diatique de la Balsillie School of International Affairs pour la traduction et le sous-titrage d\u2019une s\u00e9rie de courts-m\u00e9trages anim\u00e9s &#8211; The Armageddon Letters &#8211; sur la Crise des missiles de Cuba et les dangers des armes nucl\u00e9aires.<\/p>\n<p>[\/et_pb_text][\/et_pb_column][\/et_pb_row][et_pb_row][et_pb_column type=&#8221;1_2&#8243;][et_pb_text admin_label=&#8221;Text&#8221; background_layout=&#8221;dark&#8221; text_orientation=&#8221;left&#8221;]<\/p>\n<h2>Moxie\u2019s Grillades et Bar<\/h2>\n<p><img loading=\"lazy\" decoding=\"async\" class=\"alignnone size-full wp-image-298\" src=\"http:\/\/www.kslinguistics.ca\/wp-content\/uploads\/2015\/02\/Moxies-FR_logo.gif\" alt=\"Moxie's FR_logo\" width=\"328\" height=\"83\" \/><\/p>\n<p><em><span style=\"color: #999999;\"><strong>Services:<\/strong><\/span>\u00a0Traduction, relecture, r\u00e9vision interne<\/em><\/p>\n<p>Les restaurants Moxie\u2019s ont retenu les services de KSL en pr\u00e9paration de l\u2019ouverture de leur premier restaurant au Qu\u00e9bec. Une connaissance approfondie de plusieurs domaines (restauration, gastronomie, tourisme, vente au d\u00e9tail, etc.) \u00e9tait de rigueur pour assurer la traduction de documents, la r\u00e9vision d\u2019autres traducteurs et pour \u00e9tablir une terminologie uniforme, propre et distincte aux restaurants Moxie\u2019s du Qu\u00e9bec.<\/p>\n<p>[\/et_pb_text][\/et_pb_column][et_pb_column type=&#8221;1_2&#8243;][et_pb_text admin_label=&#8221;Text&#8221; background_layout=&#8221;dark&#8221; text_orientation=&#8221;left&#8221;]<\/p>\n<h2>Financi\u00e8re Sun Life<\/h2>\n<p><img loading=\"lazy\" decoding=\"async\" class=\"alignnone size-full wp-image-299\" src=\"http:\/\/www.kslinguistics.ca\/wp-content\/uploads\/2015\/02\/sunlife_logo_425.jpg\" alt=\"sunlife_logo_425\" width=\"392\" height=\"160\" srcset=\"https:\/\/www.kslinguistics.ca\/wp-content\/uploads\/2015\/02\/sunlife_logo_425.jpg 392w, https:\/\/www.kslinguistics.ca\/wp-content\/uploads\/2015\/02\/sunlife_logo_425-300x122.jpg 300w\" sizes=\"(max-width: 392px) 100vw, 392px\" \/><\/p>\n<p><em><span style=\"color: #999999;\"><strong>Services:<\/strong><\/span>\u00a0Traduction et r\u00e9vision<\/em><\/p>\n<p>KSL travaille avec plusieurs compagnies d\u2019assurance et autres institutions financi\u00e8res y compris La financi\u00e8re SunLife Financial pour traduire du mat\u00e9riel de formation interne \u00e0 l\u2019intention des agents ou des employ\u00e9s. La traduction de ce genre de mat\u00e9riel pr\u00e9sente un d\u00e9fi unique: celui de maintenir la langue et la terminologie mais aussi les tournures afin d\u2019assurer que le message transmis est clair et repr\u00e9sentatif de la culture de l\u2019entreprise.<\/p>\n<p>[\/et_pb_text][\/et_pb_column][\/et_pb_row][\/et_pb_section][et_pb_section fullwidth=&#8221;off&#8221; specialty=&#8221;off&#8221; background_color=&#8221;#111111&#8243; inner_shadow=&#8221;off&#8221; parallax=&#8221;off&#8221; transparent_background=&#8221;off&#8221; parallax_method=&#8221;off&#8221;][et_pb_row][et_pb_column type=&#8221;4_4&#8243;][et_pb_cta admin_label=&#8221;Call To Action&#8221; title=&#8221;DEMANDEZ UN DEVIS GRATUIT AUJOURD\u2019HUI&#8221; button_url=&#8221;\/fr\/contact-fr&#8221; button_text=&#8221;CONTACTEZ-NOUS&#8221; use_background_color=&#8221;off&#8221; background_color=&#8221;#111111&#8243; background_layout=&#8221;dark&#8221; text_orientation=&#8221;center&#8221; \/][\/et_pb_column][\/et_pb_row][\/et_pb_section]<\/p>\n","protected":false},"excerpt":{"rendered":"<p><div class=\"et_pb_row et_pb_row_0 et_pb_row_empty\">\n\t\t\t\t\n\t\t\t\t\n\t\t\t\t\n\t\t\t\t\n\t\t\t\t\n\t\t\t<\/div><script type=\"text\/javascript\">jQuery(function() { _initLayerSlider( '#layerslider_8_176dcc1u0g3fy', {sliderVersion: '', responsiveUnder: 0, layersContainer: 0, pauseOnHover: 'on', skin: 'v5', thumbnailNavigation: 'disabled', useSrcset: true, skinsPath: 'https:\/\/www.kslinguistics.ca\/wp-content\/plugins\/LayerSlider\/assets\/static\/layerslider\/skins\/', type: 'responsive', showCircleTimer: false, performanceMode: true}); });<\/script><div id=\"layerslider_8_176dcc1u0g3fy\"  class=\"ls-wp-container fitvidsignore ls-selectable\" style=\"width:980px;height:392px;margin:0 auto;margin-bottom: 0px;\"><div class=\"ls-slide\" data-ls=\"duration:4000;transition2d:90;\"><img loading=\"lazy\" width=\"980\" height=\"392\" src=\"https:\/\/www.kslinguistics.ca\/wp-content\/uploads\/2015\/01\/tfile_pic_big5.png\" class=\"ls-bg\" alt=\"\" decoding=\"async\" srcset=\"https:\/\/www.kslinguistics.ca\/wp-content\/uploads\/2015\/01\/tfile_pic_big5.png 980w, https:\/\/www.kslinguistics.ca\/wp-content\/uploads\/2015\/01\/tfile_pic_big5-300x120.png 300w\" sizes=\"(max-width: 980px) 100vw, 980px\" \/><p style=\"font-weight:900;font-family:Raleway;font-size:44px;color:#FFFFFF;top:137px;left:53px;\" class=\"ls-l ls-text-layer\" data-ls=\"delayin:200;durationout:400;parallaxlevel:0;\">PORTFOLIO<\/p><\/div><\/div><div class=\"et_pb_row et_pb_row_1 et_pb_row_empty\">\n\t\t\t\t\n\t\t\t\t\n\t\t\t\t\n\t\t\t\t\n\t\t\t\t\n\t\t\t<\/div> Portfolio Nous aimons apprendre \u00e0 conna\u00eetre nos clients et \u00e0 devenir membres de leur organisation. En travaillant avec vous, nous pouvons vous aider \u00e0 obtenir les r\u00e9sultats voulus selon vos budgets. Comme d\u2019autres avant vous, confiez vos projets de traduction, de sous-titrage, de transcription et autres aux experts de KSL dont la formation [&hellip;]<\/p>\n","protected":false},"author":1,"featured_media":0,"parent":0,"menu_order":0,"comment_status":"closed","ping_status":"open","template":"","meta":{"_et_pb_use_builder":"on","_et_pb_old_content":"","_et_gb_content_width":"","footnotes":""},"class_list":["post-271","page","type-page","status-publish","hentry"],"yoast_head":"<!-- This site is optimized with the Yoast SEO plugin v26.6 - https:\/\/yoast.com\/wordpress\/plugins\/seo\/ -->\n<title>Portfolio - KSLinguistics<\/title>\n<meta name=\"robots\" content=\"index, follow, max-snippet:-1, max-image-preview:large, max-video-preview:-1\" \/>\n<link rel=\"canonical\" href=\"https:\/\/www.kslinguistics.ca\/fr\/portfolio-fr\/\" \/>\n<meta property=\"og:locale\" content=\"fr_FR\" \/>\n<meta property=\"og:type\" content=\"article\" \/>\n<meta property=\"og:title\" content=\"Portfolio - KSLinguistics\" \/>\n<meta property=\"og:description\" content=\"Portfolio Nous aimons apprendre \u00e0 conna\u00eetre nos clients et \u00e0 devenir membres de leur organisation. En travaillant avec vous, nous pouvons vous aider \u00e0 obtenir les r\u00e9sultats voulus selon vos budgets. Comme d\u2019autres avant vous, confiez vos projets de traduction, de sous-titrage, de transcription et autres aux experts de KSL dont la formation [&hellip;]\" \/>\n<meta property=\"og:url\" content=\"https:\/\/www.kslinguistics.ca\/fr\/portfolio-fr\/\" \/>\n<meta property=\"og:site_name\" content=\"KSLinguistics\" \/>\n<meta property=\"article:modified_time\" content=\"2016-12-28T21:53:46+00:00\" \/>\n<meta property=\"og:image\" content=\"http:\/\/www.kslinguistics.ca\/wp-content\/uploads\/2015\/02\/Witchcraft-Cosmetics_FR.png\" \/>\n<meta name=\"twitter:label1\" content=\"Est. reading time\" \/>\n\t<meta name=\"twitter:data1\" content=\"4 minutes\" \/>\n<script type=\"application\/ld+json\" class=\"yoast-schema-graph\">{\"@context\":\"https:\/\/schema.org\",\"@graph\":[{\"@type\":\"WebPage\",\"@id\":\"https:\/\/www.kslinguistics.ca\/fr\/portfolio-fr\/\",\"url\":\"https:\/\/www.kslinguistics.ca\/fr\/portfolio-fr\/\",\"name\":\"Portfolio - KSLinguistics\",\"isPartOf\":{\"@id\":\"https:\/\/www.kslinguistics.ca\/#website\"},\"primaryImageOfPage\":{\"@id\":\"https:\/\/www.kslinguistics.ca\/fr\/portfolio-fr\/#primaryimage\"},\"image\":{\"@id\":\"https:\/\/www.kslinguistics.ca\/fr\/portfolio-fr\/#primaryimage\"},\"thumbnailUrl\":\"http:\/\/www.kslinguistics.ca\/wp-content\/uploads\/2015\/02\/Witchcraft-Cosmetics_FR.png\",\"datePublished\":\"2015-02-20T16:54:59+00:00\",\"dateModified\":\"2016-12-28T21:53:46+00:00\",\"breadcrumb\":{\"@id\":\"https:\/\/www.kslinguistics.ca\/fr\/portfolio-fr\/#breadcrumb\"},\"inLanguage\":\"fr-FR\",\"potentialAction\":[{\"@type\":\"ReadAction\",\"target\":[\"https:\/\/www.kslinguistics.ca\/fr\/portfolio-fr\/\"]}]},{\"@type\":\"ImageObject\",\"inLanguage\":\"fr-FR\",\"@id\":\"https:\/\/www.kslinguistics.ca\/fr\/portfolio-fr\/#primaryimage\",\"url\":\"http:\/\/www.kslinguistics.ca\/wp-content\/uploads\/2015\/02\/Witchcraft-Cosmetics_FR.png\",\"contentUrl\":\"http:\/\/www.kslinguistics.ca\/wp-content\/uploads\/2015\/02\/Witchcraft-Cosmetics_FR.png\"},{\"@type\":\"BreadcrumbList\",\"@id\":\"https:\/\/www.kslinguistics.ca\/fr\/portfolio-fr\/#breadcrumb\",\"itemListElement\":[{\"@type\":\"ListItem\",\"position\":1,\"name\":\"Home\",\"item\":\"https:\/\/www.kslinguistics.ca\/fr\/\"},{\"@type\":\"ListItem\",\"position\":2,\"name\":\"Portfolio\"}]},{\"@type\":\"WebSite\",\"@id\":\"https:\/\/www.kslinguistics.ca\/#website\",\"url\":\"https:\/\/www.kslinguistics.ca\/\",\"name\":\"KSLinguistics\",\"description\":\"KSL is a leading language solutions company respected for our accurate and cost-saving translation and other language services.\",\"potentialAction\":[{\"@type\":\"SearchAction\",\"target\":{\"@type\":\"EntryPoint\",\"urlTemplate\":\"https:\/\/www.kslinguistics.ca\/?s={search_term_string}\"},\"query-input\":{\"@type\":\"PropertyValueSpecification\",\"valueRequired\":true,\"valueName\":\"search_term_string\"}}],\"inLanguage\":\"fr-FR\"}]}<\/script>\n<!-- \/ Yoast SEO plugin. -->","yoast_head_json":{"title":"Portfolio - KSLinguistics","robots":{"index":"index","follow":"follow","max-snippet":"max-snippet:-1","max-image-preview":"max-image-preview:large","max-video-preview":"max-video-preview:-1"},"canonical":"https:\/\/www.kslinguistics.ca\/fr\/portfolio-fr\/","og_locale":"fr_FR","og_type":"article","og_title":"Portfolio - KSLinguistics","og_description":"Portfolio Nous aimons apprendre \u00e0 conna\u00eetre nos clients et \u00e0 devenir membres de leur organisation. En travaillant avec vous, nous pouvons vous aider \u00e0 obtenir les r\u00e9sultats voulus selon vos budgets. Comme d\u2019autres avant vous, confiez vos projets de traduction, de sous-titrage, de transcription et autres aux experts de KSL dont la formation [&hellip;]","og_url":"https:\/\/www.kslinguistics.ca\/fr\/portfolio-fr\/","og_site_name":"KSLinguistics","article_modified_time":"2016-12-28T21:53:46+00:00","og_image":[{"url":"http:\/\/www.kslinguistics.ca\/wp-content\/uploads\/2015\/02\/Witchcraft-Cosmetics_FR.png","type":"","width":"","height":""}],"twitter_misc":{"Est. reading time":"4 minutes"},"schema":{"@context":"https:\/\/schema.org","@graph":[{"@type":"WebPage","@id":"https:\/\/www.kslinguistics.ca\/fr\/portfolio-fr\/","url":"https:\/\/www.kslinguistics.ca\/fr\/portfolio-fr\/","name":"Portfolio - KSLinguistics","isPartOf":{"@id":"https:\/\/www.kslinguistics.ca\/#website"},"primaryImageOfPage":{"@id":"https:\/\/www.kslinguistics.ca\/fr\/portfolio-fr\/#primaryimage"},"image":{"@id":"https:\/\/www.kslinguistics.ca\/fr\/portfolio-fr\/#primaryimage"},"thumbnailUrl":"http:\/\/www.kslinguistics.ca\/wp-content\/uploads\/2015\/02\/Witchcraft-Cosmetics_FR.png","datePublished":"2015-02-20T16:54:59+00:00","dateModified":"2016-12-28T21:53:46+00:00","breadcrumb":{"@id":"https:\/\/www.kslinguistics.ca\/fr\/portfolio-fr\/#breadcrumb"},"inLanguage":"fr-FR","potentialAction":[{"@type":"ReadAction","target":["https:\/\/www.kslinguistics.ca\/fr\/portfolio-fr\/"]}]},{"@type":"ImageObject","inLanguage":"fr-FR","@id":"https:\/\/www.kslinguistics.ca\/fr\/portfolio-fr\/#primaryimage","url":"http:\/\/www.kslinguistics.ca\/wp-content\/uploads\/2015\/02\/Witchcraft-Cosmetics_FR.png","contentUrl":"http:\/\/www.kslinguistics.ca\/wp-content\/uploads\/2015\/02\/Witchcraft-Cosmetics_FR.png"},{"@type":"BreadcrumbList","@id":"https:\/\/www.kslinguistics.ca\/fr\/portfolio-fr\/#breadcrumb","itemListElement":[{"@type":"ListItem","position":1,"name":"Home","item":"https:\/\/www.kslinguistics.ca\/fr\/"},{"@type":"ListItem","position":2,"name":"Portfolio"}]},{"@type":"WebSite","@id":"https:\/\/www.kslinguistics.ca\/#website","url":"https:\/\/www.kslinguistics.ca\/","name":"KSLinguistics","description":"KSL is a leading language solutions company respected for our accurate and cost-saving translation and other language services.","potentialAction":[{"@type":"SearchAction","target":{"@type":"EntryPoint","urlTemplate":"https:\/\/www.kslinguistics.ca\/?s={search_term_string}"},"query-input":{"@type":"PropertyValueSpecification","valueRequired":true,"valueName":"search_term_string"}}],"inLanguage":"fr-FR"}]}},"jetpack_sharing_enabled":true,"_links":{"self":[{"href":"https:\/\/www.kslinguistics.ca\/fr\/wp-json\/wp\/v2\/pages\/271","targetHints":{"allow":["GET"]}}],"collection":[{"href":"https:\/\/www.kslinguistics.ca\/fr\/wp-json\/wp\/v2\/pages"}],"about":[{"href":"https:\/\/www.kslinguistics.ca\/fr\/wp-json\/wp\/v2\/types\/page"}],"author":[{"embeddable":true,"href":"https:\/\/www.kslinguistics.ca\/fr\/wp-json\/wp\/v2\/users\/1"}],"replies":[{"embeddable":true,"href":"https:\/\/www.kslinguistics.ca\/fr\/wp-json\/wp\/v2\/comments?post=271"}],"version-history":[{"count":5,"href":"https:\/\/www.kslinguistics.ca\/fr\/wp-json\/wp\/v2\/pages\/271\/revisions"}],"predecessor-version":[{"id":380,"href":"https:\/\/www.kslinguistics.ca\/fr\/wp-json\/wp\/v2\/pages\/271\/revisions\/380"}],"wp:attachment":[{"href":"https:\/\/www.kslinguistics.ca\/fr\/wp-json\/wp\/v2\/media?parent=271"}],"curies":[{"name":"wp","href":"https:\/\/api.w.org\/{rel}","templated":true}]}}